{"id":20055,"date":"2021-11-14T07:13:26","date_gmt":"2021-11-14T07:13:26","guid":{"rendered":"https:\/\/wp.kodesolution.live\/2021\/nonprofit\/ecoife\/?page_id=20055"},"modified":"2024-11-05T18:27:10","modified_gmt":"2024-11-05T18:27:10","slug":"about-us","status":"publish","type":"page","link":"https:\/\/educate-green.eu\/hr\/about-us\/","title":{"rendered":"O nama"},"content":{"rendered":"<div data-elementor-type=\"wp-page\" data-elementor-id=\"20055\" class=\"elementor elementor-20055\" data-elementor-post-type=\"page\">\n\t\t\t\t\t\t<section class=\"elementor-section elementor-top-section elementor-element elementor-element-cbddb8c elementor-section-stretched elementor-section-boxed elementor-section-height-default elementor-section-height-default tm-col-stretched-none tm-bg-color-over-image\" data-id=\"cbddb8c\" data-element_type=\"section\" data-settings=\"{&quot;background_background&quot;:&quot;classic&quot;,&quot;stretch_section&quot;:&quot;section-stretched&quot;}\">\n\t\t\t\t\t\t\t<div class=\"elementor-background-overlay\"><\/div>\n\t\t\t\t\t\t\t<div class=\"elementor-container elementor-column-gap-extended\">\n\t\t\t\t\t<div class=\"elementor-column elementor-col-100 elementor-top-column elementor-element elementor-element-d3f413f tm-bg-color-over-image\" data-id=\"d3f413f\" data-element_type=\"column\">\n\t\t\t<div class=\"elementor-widget-wrap elementor-element-populated\">\n\t\t\t\t\t\t<section class=\"elementor-section elementor-inner-section elementor-element elementor-element-e66dc3f elementor-section-boxed elementor-section-height-default elementor-section-height-default tm-col-stretched-none tm-bg-color-over-image\" data-id=\"e66dc3f\" data-element_type=\"section\">\n\t\t\t\t\t\t<div class=\"elementor-container elementor-column-gap-extended\">\n\t\t\t\t\t<div class=\"elementor-column elementor-col-100 elementor-inner-column elementor-element elementor-element-a4f1f72 tm-bg-color-over-image\" data-id=\"a4f1f72\" data-element_type=\"column\">\n\t\t\t<div class=\"elementor-widget-wrap elementor-element-populated\">\n\t\t\t\t\t\t<div class=\"elementor-element elementor-element-321bbb5 horizontal-line-align-left vertical-line-align-bottom elementor-widget elementor-widget-tm-ele-section-title\" data-id=\"321bbb5\" data-element_type=\"widget\" data-widget_type=\"tm-ele-section-title.default\">\n\t\t\t\t<div class=\"elementor-widget-container\">\n\t\t\t<div class=\"tm-sc-section-title section-title\">\r\n\t<div class=\"title-wrapper\">\r\n\t\t\t\t\t\t\t\t<h2 class=\"title\">\r\n\r\n\t\t\r\n\t\t\t\t<span class=\"title-part1\">Zeleno educiraj, dru\u0161tveno profitiraj!<\/span>\r\n\t\t\t\t\r\n\t\t\r\n\t<\/h2>\r\n\t<div class=\"title-seperator-line\"><\/div>\t\t\t\t\t\t<\/div>\r\n<\/div>\t\t<\/div>\n\t\t\t\t<\/div>\n\t\t\t\t<div class=\"elementor-element elementor-element-bdc1dc5 elementor-widget elementor-widget-tm-ele-text-editor-advanced\" data-id=\"bdc1dc5\" data-element_type=\"widget\" data-widget_type=\"tm-ele-text-editor-advanced.default\">\n\t\t\t\t<div class=\"elementor-widget-container\">\n\t\t\t\t\t<div class=\"tm-text-editor-advanced\">\r\n\t\t\t\t\t<div class=\"each-item elementor-repeater-item-11aec28\">\r\n\t\t\t\t<p>Ovaj projekt je nastao u suradnji s partnerskom organizacijom PRISMS s Malte. Glavna ideja projekta bila je obrazovanje osoba koje rade s mladima u podru\u010dju dru\u0161tvenog poduzetni\u0161tva kako bi oni znanje prenijeli na mlade u svojim organizacijama. Tako je nastao prvi dio ovog KA2 projekta - trening namijenjen osoblju partnerskih organizacija u studenom 2022. godine gdje su treneri upoznati s temom kako bi jasnije izradili module o socijalnom poduzetni\u0161tvu u sferi okoli\u0161ne odr\u017eivosti.<br \/><br \/>Drugi dio projekta bila je pilot edukacija mladih o socijalnom poduzetni\u0161tvu u sferi okoli\u0161ne odr\u017eivosti u Oroslavju u o\u017eujku 2024. godine gdje je 30 sudionika s Malte i iz Hrvatske u\u010dili kako i koje alate koristiti kako bi lak\u0161e stvorili dru\u0161tveno poduze\u0107e. Nakon projektnih aktivnosti provedene su diseminacijske aktivnosti Zelena Tribina, gdje je 50 u\u010denika ekonomskog smjera upoznato s dru\u0161tvenim poduzetni\u0161tvom u Hrvatskoj i Zeleni Ru\u010dak gdje je partnerska organizacija PRISMS promovirala lokalne i odr\u017eive proizvo\u0111a\u010de prehrambenih proizvoda i upoznala mlade s na\u0161im projektom.<br \/><br \/>U me\u0111uvremenu smo zajedno s partnerima s Malte izra\u0111ivali priru\u010dnik i dva modula o dru\u0161tvenom poduzetni\u0161tvu u sferi okoli\u0161ne odr\u017eivosti koji onda kasnije bilo tko mo\u017ee koristiti u edukaciji, a koji su dostupni u odjeljku MATERIJALI. <\/p>\t\t\t\t<\/div>\r\n\t\t\t\t\t\t<\/div>\r\n\t\t\t<\/div>\n\t\t\t\t<\/div>\n\t\t\t\t\t<\/div>\n\t\t<\/div>\n\t\t\t\t\t<\/div>\n\t\t<\/section>\n\t\t\t\t\t<\/div>\n\t\t<\/div>\n\t\t\t\t\t<\/div>\n\t\t<\/section>\n\t\t\t\t<\/div>","protected":false},"excerpt":{"rendered":"<p>Educate green, socially intervene! This project was done in cooperation with a partner organisation PRISMS from Malta. The project\u2019s main&#8230;<\/p>","protected":false},"author":1,"featured_media":0,"parent":0,"menu_order":0,"comment_status":"closed","ping_status":"closed","template":"","meta":{"_monsterinsights_skip_tracking":false,"_monsterinsights_sitenote_active":false,"_monsterinsights_sitenote_note":"","_monsterinsights_sitenote_category":0,"footnotes":""},"class_list":["post-20055","page","type-page","status-publish","hentry"],"_links":{"self":[{"href":"https:\/\/educate-green.eu\/hr\/wp-json\/wp\/v2\/pages\/20055","targetHints":{"allow":["GET"]}}],"collection":[{"href":"https:\/\/educate-green.eu\/hr\/wp-json\/wp\/v2\/pages"}],"about":[{"href":"https:\/\/educate-green.eu\/hr\/wp-json\/wp\/v2\/types\/page"}],"author":[{"embeddable":true,"href":"https:\/\/educate-green.eu\/hr\/wp-json\/wp\/v2\/users\/1"}],"replies":[{"embeddable":true,"href":"https:\/\/educate-green.eu\/hr\/wp-json\/wp\/v2\/comments?post=20055"}],"version-history":[{"count":20,"href":"https:\/\/educate-green.eu\/hr\/wp-json\/wp\/v2\/pages\/20055\/revisions"}],"predecessor-version":[{"id":51407,"href":"https:\/\/educate-green.eu\/hr\/wp-json\/wp\/v2\/pages\/20055\/revisions\/51407"}],"wp:attachment":[{"href":"https:\/\/educate-green.eu\/hr\/wp-json\/wp\/v2\/media?parent=20055"}],"curies":[{"name":"wp","href":"https:\/\/api.w.org\/{rel}","templated":true}]}}