{"id":50889,"date":"2024-04-21T18:42:36","date_gmt":"2024-04-21T18:42:36","guid":{"rendered":"https:\/\/educate-green.eu\/?page_id=50889"},"modified":"2024-05-22T17:49:16","modified_gmt":"2024-05-22T17:49:16","slug":"partner-prisms","status":"publish","type":"page","link":"https:\/\/educate-green.eu\/hr\/partner-prisms\/","title":{"rendered":"Prisms Malta"},"content":{"rendered":"<div data-elementor-type=\"wp-page\" data-elementor-id=\"50889\" class=\"elementor elementor-50889\" data-elementor-post-type=\"page\">\n\t\t\t\t\t\t<section class=\"elementor-section elementor-top-section elementor-element elementor-element-cbddb8c elementor-section-stretched elementor-section-boxed elementor-section-height-default elementor-section-height-default tm-col-stretched-none tm-bg-color-over-image\" data-id=\"cbddb8c\" data-element_type=\"section\" data-settings=\"{&quot;background_background&quot;:&quot;classic&quot;,&quot;stretch_section&quot;:&quot;section-stretched&quot;}\">\n\t\t\t\t\t\t\t<div class=\"elementor-background-overlay\"><\/div>\n\t\t\t\t\t\t\t<div class=\"elementor-container elementor-column-gap-extended\">\n\t\t\t\t\t<div class=\"elementor-column elementor-col-100 elementor-top-column elementor-element elementor-element-d3f413f tm-bg-color-over-image\" data-id=\"d3f413f\" data-element_type=\"column\">\n\t\t\t<div class=\"elementor-widget-wrap elementor-element-populated\">\n\t\t\t\t\t\t<div class=\"elementor-element elementor-element-321bbb5 horizontal-line-align-left vertical-line-align-bottom elementor-widget elementor-widget-tm-ele-section-title\" data-id=\"321bbb5\" data-element_type=\"widget\" data-widget_type=\"tm-ele-section-title.default\">\n\t\t\t\t<div class=\"elementor-widget-container\">\n\t\t\t<div class=\"tm-sc-section-title section-title\">\r\n\t<div class=\"title-wrapper\">\r\n\t\t\t\t\t\t<h6 class=\"subtitle\">\r\n\r\n\t\t\r\n\t\tInformacije o partneru:\t<\/h6>\r\n\t\t\t\t<h2 class=\"title\">\r\n\r\n\t\t\r\n\t\t\t\t<span class=\"title-part1\">PRISMS MALTA<\/span>\r\n\t\t\t\t\r\n\t\t\r\n\t<\/h2>\r\n\t<div class=\"title-seperator-line\"><\/div>\t\t\t\t\t\t<\/div>\r\n<\/div>\t\t<\/div>\n\t\t\t\t<\/div>\n\t\t\t\t<section class=\"elementor-section elementor-inner-section elementor-element elementor-element-e66dc3f elementor-section-boxed elementor-section-height-default elementor-section-height-default tm-col-stretched-none tm-bg-color-over-image\" data-id=\"e66dc3f\" data-element_type=\"section\">\n\t\t\t\t\t\t<div class=\"elementor-container elementor-column-gap-extended\">\n\t\t\t\t\t<div class=\"elementor-column elementor-col-50 elementor-inner-column elementor-element elementor-element-c25791e tm-bg-color-over-image\" data-id=\"c25791e\" data-element_type=\"column\">\n\t\t\t<div class=\"elementor-widget-wrap elementor-element-populated\">\n\t\t\t\t\t\t<div class=\"elementor-element elementor-element-0ddcc25 elementor-widget elementor-widget-tm-ele-animated-layers\" data-id=\"0ddcc25\" data-element_type=\"widget\" data-widget_type=\"tm-ele-animated-layers.default\">\n\t\t\t\t<div class=\"elementor-widget-container\">\n\t\t\t\t\t<div class=\"tm-sc-animated-layer-advanced\">\r\n\t\t\t<div class=\"animated-layer-advanced-inner clearfix\">\r\n\t\r\n<div class=\"layer-image-wrapper layer-image  layer-image-fullwidth elementor-repeater-item-c0d80af\" style=\"\">\r\n\t<div class=\"layer-inner layer-image\">\r\n\t\t<div class=\"layer-image-inner-wrapper image-hover-effect-shine\">\r\n\t\t\t<img fetchpriority=\"high\" decoding=\"async\" class=\"\" src=\"https:\/\/educate-green.eu\/wp-content\/uploads\/2024\/05\/AFS_JonathanBrincatPhotography_-119-scaled.jpg\" width=\"2560\" height=\"1708\" alt=\"Image\">\r\n\t\t<\/div>\r\n\t<\/div>\r\n<\/div>\r\n\t\t\t<\/div>\r\n\t\t\t<div class=\"clearfix\"><\/div>\r\n\t\t<\/div>\r\n\t\t\t<\/div>\n\t\t\t\t<\/div>\n\t\t\t\t\t<\/div>\n\t\t<\/div>\n\t\t\t\t<div class=\"elementor-column elementor-col-50 elementor-inner-column elementor-element elementor-element-a4f1f72 tm-bg-color-over-image\" data-id=\"a4f1f72\" data-element_type=\"column\">\n\t\t\t<div class=\"elementor-widget-wrap elementor-element-populated\">\n\t\t\t\t\t\t<div class=\"elementor-element elementor-element-bdc1dc5 elementor-widget elementor-widget-tm-ele-text-editor-advanced\" data-id=\"bdc1dc5\" data-element_type=\"widget\" data-widget_type=\"tm-ele-text-editor-advanced.default\">\n\t\t\t\t<div class=\"elementor-widget-container\">\n\t\t\t\t\t<div class=\"tm-text-editor-advanced\">\r\n\t\t\t\t\t<div class=\"each-item elementor-repeater-item-11aec28\">\r\n\t\t\t\t<p class=\"translation-block\">Prisms je grupa iskusnih mladih radnika koja je nastala 2008. godine kako bi stvorila nevladinu organizaciju koja se orijentira na potrebe mladih ljudi i na ljude koji rade s mladima. Prisms \u017eeli osna\u017eiti ljude osposobljavaju\u0107i ih s vje\u0161tinama, alatima, informacijama i vrijednostima koje su potrebne za osobni rast te kako bi bili aktivni sudionici u dru\u0161tvu. Prisms pru\u017ea ono neophodno ljudima s kojima radi kroz inovativne i neformalne edukativne metode kako bi na holisti\u010dki na\u010din zadovoljili svoje potrebe.<\/p><p><\/p>\t\t\t\t<\/div>\r\n\t\t\t\t\t\t<\/div>\r\n\t\t\t<\/div>\n\t\t\t\t<\/div>\n\t\t\t\t<div class=\"elementor-element elementor-element-bc2f58b elementor-widget elementor-widget-tm-ele-button\" data-id=\"bc2f58b\" data-element_type=\"widget\" data-widget_type=\"tm-ele-button.default\">\n\t\t\t\t<div class=\"elementor-widget-container\">\n\t\t\t<div class=\"tm-sc-button btn-view-details\">\r\n\t<a  href=\"https:\/\/www.prismsmalta.com\/\" \r\n\t\t\t\t\t\tclass=\"btn btn-outline-theme-colored1 btn-outline btn-lg btn-round\">\r\n\r\n\t\t\r\n\t\t\r\n\t\t<span>\r\n\t\tDiscover more\t\t<\/span>\r\n\r\n\t\t\t<\/a>\r\n<\/div>\t\t<\/div>\n\t\t\t\t<\/div>\n\t\t\t\t\t<\/div>\n\t\t<\/div>\n\t\t\t\t\t<\/div>\n\t\t<\/section>\n\t\t\t\t<div class=\"elementor-element elementor-element-bc0e90f elementor-widget elementor-widget-spacer\" data-id=\"bc0e90f\" data-element_type=\"widget\" data-widget_type=\"spacer.default\">\n\t\t\t\t<div class=\"elementor-widget-container\">\n\t\t\t\t\t<div class=\"elementor-spacer\">\n\t\t\t<div class=\"elementor-spacer-inner\"><\/div>\n\t\t<\/div>\n\t\t\t\t<\/div>\n\t\t\t\t<\/div>\n\t\t\t\t<div class=\"elementor-element elementor-element-d8f13db elementor-widget elementor-widget-tm-ele-text-editor-advanced\" data-id=\"d8f13db\" data-element_type=\"widget\" data-widget_type=\"tm-ele-text-editor-advanced.default\">\n\t\t\t\t<div class=\"elementor-widget-container\">\n\t\t\t\t\t<div class=\"tm-text-editor-advanced\">\r\n\t\t\t\t\t<div class=\"each-item elementor-repeater-item-11aec28\">\r\n\t\t\t\t<p>Prisms se usredoto\u010duje na treniranje i mentoriranje, online alate, mentalnu dobrobit, inkluziju i invaliditet kroz sljede\u0107e ciljeve.:<br \/><br \/><\/p><p><strong>Mladi ljudi<\/strong><br \/>- Prisms te\u017ei povezivanju s mladim ljudima u njihovoj okolini. Mladi radnici dopiru do mladih ljudi kako bi razumjeli njihove \u017eivotne situacije, u kojem su razdoblju svog \u017eivota, i njihove klju\u010dne odnose s drugima,<br \/>- Potrebna je analiza: Temelj svih na\u0161ih aktivnosti je pristup u \u010dijem je sredi\u0161tu osoba i to nam omogu\u0107uje da se svrhovito pove\u017eemo s njom. Prisms slu\u0161a mlade ljude i njihova \u017eivotna iskustva i, zajedno s mladim ljudima, identificira potrebe na koje mora odgovoriti,<br \/>- Osna\u017eiti: Prisms vjeruje da svaka osoba ima potencijal i ako postoji pozitivan odnos s tom mladom osobom, to ju motivira da postavi ostvarive ciljeve za svoj rast.<br \/><br \/><strong>Mladi radnici<\/strong><br \/>- Prisms se usredoto\u010duje i na osobni i profesionalni razvoj mladih radnika. Vjerujemo da je op\u0107enita dobrobit mladih radnika klju\u010dna jer oni slu\u017ee kao uzori mladim ljudima. Razvijanje njihovih osobnih i me\u0111uljudskih vje\u0161tina im omogu\u0107uje da se bolje pove\u017eu s mladim ljudima s kojima rade. Prisms pru\u017ea alate mladim radnicima kako bi bili svjesniji sebe i kako bi mogli identificirati podru\u010dja za rast,<\/p><p>- Povezano s ranije navedenim \u010dinjenicama, na profesionalnoj razini, Prisms nudi inovativne alate i metode dola\u017eenja do mladih radnika, povezivanja s njima, anga\u017eiranja i osna\u017eivanja.<br \/><br \/><strong>Ciljane grupe<\/strong><br \/>Prisms ima dvije glavne ciljane grupe:<br \/>1) Mlade ljude od 13 do 35 godina<br \/>2) Mlade radnike, vo\u0111e mladih, i druge profesionalce koji rade s mladim ljudima. Za ovu ciljanu grupu nema raspona godina.<br \/><br \/><strong>Geografski doseg i glavne aktivnosti<\/strong><\/p><p>Na\u0161e aktivnosti se izvode na nacionalnoj i europskoj razini. Radimo s mladim ljudima i mladim radnicima, s lokalnim stanovni\u0161tvom i stranim. Nudimo radionice, seminare i treninge. Kroz godine, Prisms je razvio stru\u010dnost u online radu s mladima i online alatima koji omogu\u0107uju mladim radnicima da se pove\u017eu s mladim ljudima online i offline. Uz to, trenutno nudimo trening edukatorima na Malti kao dio njihovih radionica Zajednica profesionalnih edukatora (CoPE - Community of Professional Educators\u2019 sessions). Trening nudi te\u010dajeve kontrole bijesa, integriranja online karakteristika u online okolini, i me\u0111ukulturne komunikacije. Uspje\u0161nom provo\u0111enju na\u0161ih inicijativa tako\u0111er pridonosi \u010dinjenica da je Prisms uvijek te\u017eio stvaranju svrhovitih suradnji. Tako smo stvorili nacionalno partnerstvo s Direktoratom za obrazovanje, fakultetom San Gorg Preca, Podu\u010davanjem migranata pri Ministarstvu obrazovanja i rada, Institutom za turizam, Fakultetom umjetnosti, znanosti i tehnologije na Malti (MCAST), s organizacijom Platforma za ljudska prava na Malti (PHROM), \u0160kolom svetog Patrika, fundacijom Karl Vella, s Komisijom za prava ljudi s invaliditetom, s Agezijom Sapport, Agezijom Zghazagh i Fundacijom Sebh. Na europskoj razini, Prisms je dio me\u0111unarodne mre\u017ee kao \u0161to su Mais Cidadinia, PRISMA Europska mre\u017ea, Fundacija Anna Lindh, i Me\u0111unarodna mre\u017ea iskustvenog u\u010denja.\nTo omogu\u0107uje na\u0161im inicijativama dobru kvalitetu te prostor mladim radnicima i mladim ljudima da  razvijaju svoj kapacitet i kapacitet svoje organizacije dok istovremeno nude kvalitetne prakse mladog rada. Ta partnerstva nude mogu\u0107nost razmjene dobrih praksi.<br \/><br \/><\/p><p>Prisms od svog po\u010detka uvodi projekte i organizira te\u010dajeve na nacionalnoj i europskoj razini. Ula\u017eemo mnogo vremena i truda kako bi na inovativan na\u010din promovirali rad mladih i neformalno obrazovanje. Na\u0161a organizacija vjeruje da bismo trebali biti tamo gdje su mladi, i ne bismo trebali temeljiti na\u0161e aktivnosti na uvjerenju da \u0107e mladi ljudi do\u0107i k nama, nego da bismo mi trebali i\u0107i k njima. Zbog toga, sve na\u0161e aktivnosti i projekti temelje se na detaljnoj analizi i rade se zajedno s mladim ljudima i za njih. Vjerujemo da bi mladi radnici i oni koje rade s mladim ljudima trebali koristiti prakse online mladog rada kako bi se pribli\u017eili mladim ljudima i bolje sura\u0111ivali s njima. Anga\u017eirani smo u nekoliko projekata koji pru\u017eaju kvalitetniji mladi rad kroz online servise.<\/p><p><\/p><p><\/p>\t\t\t\t<\/div>\r\n\t\t\t\t\t\t<\/div>\r\n\t\t\t<\/div>\n\t\t\t\t<\/div>\n\t\t\t\t\t<\/div>\n\t\t<\/div>\n\t\t\t\t\t<\/div>\n\t\t<\/section>\n\t\t\t\t<\/div>","protected":false},"excerpt":{"rendered":"<p>PROJECT PARTNER PRISMS MALTA Prisms is a group of experienced youth workers that in 2008 came together with the aim&#8230;<\/p>","protected":false},"author":1,"featured_media":0,"parent":0,"menu_order":0,"comment_status":"closed","ping_status":"closed","template":"","meta":{"_monsterinsights_skip_tracking":false,"_monsterinsights_sitenote_active":false,"_monsterinsights_sitenote_note":"","_monsterinsights_sitenote_category":0,"footnotes":""},"class_list":["post-50889","page","type-page","status-publish","hentry"],"_links":{"self":[{"href":"https:\/\/educate-green.eu\/hr\/wp-json\/wp\/v2\/pages\/50889","targetHints":{"allow":["GET"]}}],"collection":[{"href":"https:\/\/educate-green.eu\/hr\/wp-json\/wp\/v2\/pages"}],"about":[{"href":"https:\/\/educate-green.eu\/hr\/wp-json\/wp\/v2\/types\/page"}],"author":[{"embeddable":true,"href":"https:\/\/educate-green.eu\/hr\/wp-json\/wp\/v2\/users\/1"}],"replies":[{"embeddable":true,"href":"https:\/\/educate-green.eu\/hr\/wp-json\/wp\/v2\/comments?post=50889"}],"version-history":[{"count":46,"href":"https:\/\/educate-green.eu\/hr\/wp-json\/wp\/v2\/pages\/50889\/revisions"}],"predecessor-version":[{"id":51193,"href":"https:\/\/educate-green.eu\/hr\/wp-json\/wp\/v2\/pages\/50889\/revisions\/51193"}],"wp:attachment":[{"href":"https:\/\/educate-green.eu\/hr\/wp-json\/wp\/v2\/media?parent=50889"}],"curies":[{"name":"wp","href":"https:\/\/api.w.org\/{rel}","templated":true}]}}