{"id":51134,"date":"2024-05-18T13:42:07","date_gmt":"2024-05-18T13:42:07","guid":{"rendered":"https:\/\/educate-green.eu\/?page_id=51134"},"modified":"2024-06-03T21:33:28","modified_gmt":"2024-06-03T21:33:28","slug":"partner-num","status":"publish","type":"page","link":"https:\/\/educate-green.eu\/hr\/partner-num\/","title":{"rendered":"NUM Croatia"},"content":{"rendered":"<div data-elementor-type=\"wp-page\" data-elementor-id=\"51134\" class=\"elementor elementor-51134\" data-elementor-post-type=\"page\">\n\t\t\t\t\t\t<section class=\"elementor-section elementor-top-section elementor-element elementor-element-cbddb8c elementor-section-stretched elementor-section-boxed elementor-section-height-default elementor-section-height-default tm-col-stretched-none tm-bg-color-over-image\" data-id=\"cbddb8c\" data-element_type=\"section\" data-settings=\"{&quot;background_background&quot;:&quot;classic&quot;,&quot;stretch_section&quot;:&quot;section-stretched&quot;}\">\n\t\t\t\t\t\t\t<div class=\"elementor-background-overlay\"><\/div>\n\t\t\t\t\t\t\t<div class=\"elementor-container elementor-column-gap-extended\">\n\t\t\t\t\t<div class=\"elementor-column elementor-col-100 elementor-top-column elementor-element elementor-element-d3f413f tm-bg-color-over-image\" data-id=\"d3f413f\" data-element_type=\"column\">\n\t\t\t<div class=\"elementor-widget-wrap elementor-element-populated\">\n\t\t\t\t\t\t<div class=\"elementor-element elementor-element-321bbb5 horizontal-line-align-left vertical-line-align-bottom elementor-widget elementor-widget-tm-ele-section-title\" data-id=\"321bbb5\" data-element_type=\"widget\" data-widget_type=\"tm-ele-section-title.default\">\n\t\t\t\t<div class=\"elementor-widget-container\">\n\t\t\t<div class=\"tm-sc-section-title section-title\">\r\n\t<div class=\"title-wrapper\">\r\n\t\t\t\t\t\t<h6 class=\"subtitle\">\r\n\r\n\t\t\r\n\t\tInformacije o partneru:\t<\/h6>\r\n\t\t\t\t<h2 class=\"title\">\r\n\r\n\t\t\r\n\t\t\t\t<span class=\"title-part1\">Nezavisna udruga mladih<\/span>\r\n\t\t\t\t\r\n\t\t\r\n\t<\/h2>\r\n\t<div class=\"title-seperator-line\"><\/div>\t\t\t\t\t\t<\/div>\r\n<\/div>\t\t<\/div>\n\t\t\t\t<\/div>\n\t\t\t\t<section class=\"elementor-section elementor-inner-section elementor-element elementor-element-e66dc3f elementor-section-boxed elementor-section-height-default elementor-section-height-default tm-col-stretched-none tm-bg-color-over-image\" data-id=\"e66dc3f\" data-element_type=\"section\">\n\t\t\t\t\t\t<div class=\"elementor-container elementor-column-gap-extended\">\n\t\t\t\t\t<div class=\"elementor-column elementor-col-50 elementor-inner-column elementor-element elementor-element-c25791e tm-bg-color-over-image\" data-id=\"c25791e\" data-element_type=\"column\">\n\t\t\t<div class=\"elementor-widget-wrap elementor-element-populated\">\n\t\t\t\t\t\t<div class=\"elementor-element elementor-element-0ddcc25 elementor-widget elementor-widget-tm-ele-animated-layers\" data-id=\"0ddcc25\" data-element_type=\"widget\" data-widget_type=\"tm-ele-animated-layers.default\">\n\t\t\t\t<div class=\"elementor-widget-container\">\n\t\t\t\t\t<div class=\"tm-sc-animated-layer-advanced\">\r\n\t\t\t<div class=\"animated-layer-advanced-inner clearfix\">\r\n\t\r\n<div class=\"layer-image-wrapper layer-image  layer-image-fullwidth elementor-repeater-item-c0d80af\" style=\"\">\r\n\t<div class=\"layer-inner layer-image\">\r\n\t\t<div class=\"layer-image-inner-wrapper image-hover-effect-shine\">\r\n\t\t\t<img fetchpriority=\"high\" decoding=\"async\" class=\"\" src=\"https:\/\/educate-green.eu\/wp-content\/uploads\/2024\/05\/DSS1043.jpg\" width=\"1200\" height=\"795\" alt=\"Image\">\r\n\t\t<\/div>\r\n\t<\/div>\r\n<\/div>\r\n\t\t\t<\/div>\r\n\t\t\t<div class=\"clearfix\"><\/div>\r\n\t\t<\/div>\r\n\t\t\t<\/div>\n\t\t\t\t<\/div>\n\t\t\t\t\t<\/div>\n\t\t<\/div>\n\t\t\t\t<div class=\"elementor-column elementor-col-50 elementor-inner-column elementor-element elementor-element-a4f1f72 tm-bg-color-over-image\" data-id=\"a4f1f72\" data-element_type=\"column\">\n\t\t\t<div class=\"elementor-widget-wrap elementor-element-populated\">\n\t\t\t\t\t\t<div class=\"elementor-element elementor-element-bdc1dc5 elementor-widget elementor-widget-tm-ele-text-editor-advanced\" data-id=\"bdc1dc5\" data-element_type=\"widget\" data-widget_type=\"tm-ele-text-editor-advanced.default\">\n\t\t\t\t<div class=\"elementor-widget-container\">\n\t\t\t\t\t<div class=\"tm-text-editor-advanced\">\r\n\t\t\t\t\t<div class=\"each-item elementor-repeater-item-11aec28\">\r\n\t\t\t\t<p class=\"translation-block\">Nezavisna udruga mladih (NUM) je nevladina neprofitna organizacija koju su osnovali MLADI, koju samostalno vode MLADI te koja radi s MLADIMA i za MLADE.\nAktivni smo jo\u0161 od davne 2002. godine kada se odre\u0111enoj skupini mladih upalila ona mala \u017earuljica nad glavama koja ih je podsjetila na problem nepostojanja dovoljne koli\u010dine aktivnosti za mlade, kao ni inicijative i\/ili programa za mlade na \u010ditavom lepoglavskom podru\u010dju. Mladi nisu \u010dekali da se problem rije\u0161i sam od sebe ili da ga rije\u0161i netko drugi, ve\u0107 su ulo\u017eili svoj aktivisti\u010dki duh, znanja, vje\u0161tine i slobodno vrijeme u rje\u0161avanje problema te napravili iskorak u odnosu na dotada\u0161nje stanje.\nNa tom principu radimo i danas. Vodimo se vrijednostima transparentnosti, timskog rada, zajedni\u0161tva, aktivizma, uklju\u010denosti i ravnopravnosti te - onog najbitnijeg \u2013 slu\u0161anja!<\/p>\t\t\t\t<\/div>\r\n\t\t\t\t\t\t<\/div>\r\n\t\t\t<\/div>\n\t\t\t\t<\/div>\n\t\t\t\t<div class=\"elementor-element elementor-element-bc2f58b elementor-widget elementor-widget-tm-ele-button\" data-id=\"bc2f58b\" data-element_type=\"widget\" data-widget_type=\"tm-ele-button.default\">\n\t\t\t\t<div class=\"elementor-widget-container\">\n\t\t\t<div class=\"tm-sc-button btn-view-details\">\r\n\t<a  href=\"https:\/\/num.hr\/\" \r\n\t\t\t\t\t\tclass=\"btn btn-outline-theme-colored1 btn-outline btn-lg btn-round\">\r\n\r\n\t\t\r\n\t\t\r\n\t\t<span>\r\n\t\tDiscover more\t\t<\/span>\r\n\r\n\t\t\t<\/a>\r\n<\/div>\t\t<\/div>\n\t\t\t\t<\/div>\n\t\t\t\t\t<\/div>\n\t\t<\/div>\n\t\t\t\t\t<\/div>\n\t\t<\/section>\n\t\t\t\t<div class=\"elementor-element elementor-element-bc0e90f elementor-widget elementor-widget-spacer\" data-id=\"bc0e90f\" data-element_type=\"widget\" data-widget_type=\"spacer.default\">\n\t\t\t\t<div class=\"elementor-widget-container\">\n\t\t\t\t\t<div class=\"elementor-spacer\">\n\t\t\t<div class=\"elementor-spacer-inner\"><\/div>\n\t\t<\/div>\n\t\t\t\t<\/div>\n\t\t\t\t<\/div>\n\t\t\t\t<div class=\"elementor-element elementor-element-d8f13db elementor-widget elementor-widget-tm-ele-text-editor-advanced\" data-id=\"d8f13db\" data-element_type=\"widget\" data-widget_type=\"tm-ele-text-editor-advanced.default\">\n\t\t\t\t<div class=\"elementor-widget-container\">\n\t\t\t\t\t<div class=\"tm-text-editor-advanced\">\r\n\t\t\t\t\t<div class=\"each-item elementor-repeater-item-11aec28\">\r\n\t\t\t\t<p class=\"s3 translation-block\">Slu\u0161amo mlade, njihove potrebe i probleme, njihove prijedloge i ideje na temelju kojih radimo za njihovu dobrobit, razvoj i ostvarenje njihovih potencijala, aktivni anga\u017eman u zajednici, poticanje pozitivnih promjena u zajednici te odr\u017eivost zajednice i dru\u0161tva kojega su temelj.\nTemelj dobrog i uspje\u0161nog djelovanja su povezanost i umre\u017eenost pa smo tako povezani s razli\u010ditim organizacijama, organizacijama za mlade, institucijama, udru\u017eenjima i sli\u010dno, a NUM je jedna od \u010dlanica osniva\u010dica Mre\u017ee mladih Hrvatske (MMH) te \u010dlanica Zajednice informativnih centara za mlade u Hrvatskoj (ZICM).<\/p><p class=\"translation-block\">Program Erasmus+ vi\u0161e ne bi bio isti da NUM barem jednom godi\u0161nje ne provede kakvu razmjenu mladih ili mobilnost osoba koje rade s mladima. Upravo mi posjedujemo zavidno iskustvo u provo\u0111enju projekata kao korisnik ili kao partner, i to na europskoj razini. Svi projekti usmjereni su na mlade i njihovo sudjelovanje u dru\u0161tvenom \u017eivotu Europe, stoga radimo na tome da Europu dovedemo i u malu Lepoglavu kako bismo ju upoznali s pojmovima kao \u0161to su \u201einterkulturalna ve\u010der\u201c, \u201eenergizer\u201c i \u201eneformalno obrazovanje\u201c, ali i s vrijednostima koje promovira Europska unija.\nJailhouse festival ti poznato zvu\u010di? To smo mi! Svojim posjetiteljima pru\u017eamo priliku da kvalitetno provedu djeli\u0107 kolovoza inspiriran kulturom, zabavom, sportom i svime onime \u0161to mlade poti\u010de na aktivizam i kvalitetno provo\u0111enje slobodnog vremena.<\/p>\t\t\t\t<\/div>\r\n\t\t\t\t\t\t<\/div>\r\n\t\t\t<\/div>\n\t\t\t\t<\/div>\n\t\t\t\t<div class=\"elementor-element elementor-element-5e28c12 elementor-widget elementor-widget-tm-ele-text-editor-advanced\" data-id=\"5e28c12\" data-element_type=\"widget\" data-widget_type=\"tm-ele-text-editor-advanced.default\">\n\t\t\t\t<div class=\"elementor-widget-container\">\n\t\t\t\t\t<div class=\"tm-text-editor-advanced\">\r\n\t\t\t\t\t<div class=\"each-item elementor-repeater-item-11aec28\">\r\n\t\t\t\t<p class=\"translation-block\">Jailhouse festival je festival kojeg su pokrenuli mladi iz Lepoglave i okolice, \u010dija je tradicija krenula zbog kroni\u010dne nesta\u0161ice kulturnih, zabavnih i sportskih sadr\u017eaja, praznine i neprivla\u010dnosti grada ljeti. Jailhouse festival je odgovor mladih kojim se bogatim programom tijekom  sedam dana i vi\u0161e od 20 aktivnosti nastoji sugra\u0111ankama, sugra\u0111anima i ostalim posjetiteljima, osvje\u017eiti vru\u0107e ljetne dane te im pru\u017eiti priliku za u\u017eivanje u raznolikim sadr\u017eajima bez potrebe da za istima tragaju u okolnim mjestima.<\/p><p class=\"translation-block\">Pridru\u017eite nam se u ovom na\u0161em nastojanju da osvje\u017eimo Lepoglavu i posjetite neka od doga\u0111anja koja \u0107e zadovoljiti sve aspiracije raznih profila posjetitelja. Sva ponu\u0111ena doga\u0111anja besplatna su za posjetitelje, a na tome mo\u017eemo zahvaliti vrijednim volonterima koji \u010dine sr\u017e Jailhouse festivala, glavnom pokrovitelju - Gradu Lepoglavi, suorganizatoru Turisti\u010dko kulturno-informativnom centru te brojnim sponzorima i donatorima iz privatnog sektora. To \u0161to je baziran na volonterstvu najve\u0107a je vrijednost i posebnost Jailhouse festivala, omogu\u0107uje mladim volonterima proaktivno sudjelovanje u pokretanju poticajnih i pozitivnih promjena u lokalnoj zajednici.<\/p>\t\t\t\t<\/div>\r\n\t\t\t\t\t\t<\/div>\r\n\t\t\t<\/div>\n\t\t\t\t<\/div>\n\t\t\t\t<div class=\"elementor-element elementor-element-4f0ead8 elementor-widget elementor-widget-tm-ele-text-editor-advanced\" data-id=\"4f0ead8\" data-element_type=\"widget\" data-widget_type=\"tm-ele-text-editor-advanced.default\">\n\t\t\t\t<div class=\"elementor-widget-container\">\n\t\t\t\t\t<div class=\"tm-text-editor-advanced\">\r\n\t\t\t\t\t<div class=\"each-item elementor-repeater-item-11aec28\">\r\n\t\t\t\t<p class=\"translation-block\">Erasmus akreditacija u podru\u010dju mladih\nRazdoblje provedbe projekta: 5.5.2021.-31.12.2027.\n\nSa\u017eetak projekta: Erasmus akreditacije su alat za organizacije koje se \u017eele uklju\u010diti u prekograni\u010dnu razmjenu i suradnju, sudjelovanje mladih i ja\u010danje kapaciteta osoba koje rade s mladima i organizacija za rad s mladima putem aktivnosti mobilnosti u svrhu u\u010denja. Erasmus akreditacija u podru\u010dju mladih olak\u0161ava mobilnost mladih u svrhu u\u010denja tako \u0161to akreditiranim organizacijama pru\u017ea pojednostavnjen i fleksibilan alternativni oblik provedbe aktivnosti.\n\nNezavisna udruga mladih jedna je od sedam akreditiranih organizacija koja ima mogu\u0107nost podnijeti zahtjev za bespovratna sredstva za aktivnosti razmjene mladih i mobilnosti osoba koje rade s mladima, a koje se temelje na prethodno odobrenom akreditacijskom planu. Dakle, Erasmus akreditacija omogu\u0107ava Nezavisnoj udruzi mladih pojednostavljen pristup izvorima financiranja iz Klju\u010dne aktivnosti 1 tijekom \u010ditavog programskog razdoblja (2021.-2027.).\nGlavni cilj provedenih i nadolaze\u0107ih aktivnosti u sklopu Erasmus akreditacije jest edukacija mladih i ja\u010danje kapaciteta osoba koje rade s mladima u svrhu podizanja kvalitete rada organizacija mladih.<\/p>\t\t\t\t<\/div>\r\n\t\t\t\t\t\t<\/div>\r\n\t\t\t<\/div>\n\t\t\t\t<\/div>\n\t\t\t\t\t<\/div>\n\t\t<\/div>\n\t\t\t\t\t<\/div>\n\t\t<\/section>\n\t\t\t\t<\/div>","protected":false},"excerpt":{"rendered":"<p>PROJECT PARTNER Independent Youth Association Croatia Independent Youth Association (IYA) is a non-governmental non-profit organization founded by the YOUTH, is&#8230;<\/p>","protected":false},"author":1,"featured_media":0,"parent":0,"menu_order":0,"comment_status":"closed","ping_status":"closed","template":"","meta":{"_monsterinsights_skip_tracking":false,"_monsterinsights_sitenote_active":false,"_monsterinsights_sitenote_note":"","_monsterinsights_sitenote_category":0,"footnotes":""},"class_list":["post-51134","page","type-page","status-publish","hentry"],"_links":{"self":[{"href":"https:\/\/educate-green.eu\/hr\/wp-json\/wp\/v2\/pages\/51134","targetHints":{"allow":["GET"]}}],"collection":[{"href":"https:\/\/educate-green.eu\/hr\/wp-json\/wp\/v2\/pages"}],"about":[{"href":"https:\/\/educate-green.eu\/hr\/wp-json\/wp\/v2\/types\/page"}],"author":[{"embeddable":true,"href":"https:\/\/educate-green.eu\/hr\/wp-json\/wp\/v2\/users\/1"}],"replies":[{"embeddable":true,"href":"https:\/\/educate-green.eu\/hr\/wp-json\/wp\/v2\/comments?post=51134"}],"version-history":[{"count":28,"href":"https:\/\/educate-green.eu\/hr\/wp-json\/wp\/v2\/pages\/51134\/revisions"}],"predecessor-version":[{"id":51392,"href":"https:\/\/educate-green.eu\/hr\/wp-json\/wp\/v2\/pages\/51134\/revisions\/51392"}],"wp:attachment":[{"href":"https:\/\/educate-green.eu\/hr\/wp-json\/wp\/v2\/media?parent=51134"}],"curies":[{"name":"wp","href":"https:\/\/api.w.org\/{rel}","templated":true}]}}