{"id":51208,"date":"2024-05-22T19:57:50","date_gmt":"2024-05-22T19:57:50","guid":{"rendered":"https:\/\/educate-green.eu\/?page_id=51208"},"modified":"2024-05-22T20:23:27","modified_gmt":"2024-05-22T20:23:27","slug":"canva-business-model-step-7","status":"publish","type":"page","link":"https:\/\/educate-green.eu\/hr\/canva-business-model-step-7\/","title":{"rendered":"Canva Business Model Step 7"},"content":{"rendered":"<div data-elementor-type=\"wp-page\" data-elementor-id=\"51208\" class=\"elementor elementor-51208\" data-elementor-post-type=\"page\">\n\t\t\t\t\t\t<section class=\"elementor-section elementor-top-section elementor-element elementor-element-cbddb8c elementor-section-stretched elementor-section-boxed elementor-section-height-default elementor-section-height-default tm-col-stretched-none tm-bg-color-over-image\" data-id=\"cbddb8c\" data-element_type=\"section\" data-settings=\"{&quot;background_background&quot;:&quot;classic&quot;,&quot;stretch_section&quot;:&quot;section-stretched&quot;}\">\n\t\t\t\t\t\t\t<div class=\"elementor-background-overlay\"><\/div>\n\t\t\t\t\t\t\t<div class=\"elementor-container elementor-column-gap-extended\">\n\t\t\t\t\t<div class=\"elementor-column elementor-col-100 elementor-top-column elementor-element elementor-element-d3f413f tm-bg-color-over-image\" data-id=\"d3f413f\" data-element_type=\"column\">\n\t\t\t<div class=\"elementor-widget-wrap elementor-element-populated\">\n\t\t\t\t\t\t<section class=\"elementor-section elementor-inner-section elementor-element elementor-element-e66dc3f elementor-section-boxed elementor-section-height-default elementor-section-height-default tm-col-stretched-none tm-bg-color-over-image\" data-id=\"e66dc3f\" data-element_type=\"section\">\n\t\t\t\t\t\t<div class=\"elementor-container elementor-column-gap-extended\">\n\t\t\t\t\t<div class=\"elementor-column elementor-col-50 elementor-inner-column elementor-element elementor-element-c25791e tm-bg-color-over-image\" data-id=\"c25791e\" data-element_type=\"column\">\n\t\t\t<div class=\"elementor-widget-wrap elementor-element-populated\">\n\t\t\t\t\t\t<div class=\"elementor-element elementor-element-d281378 elementor-widget elementor-widget-video\" data-id=\"d281378\" data-element_type=\"widget\" data-settings=\"{&quot;youtube_url&quot;:&quot;https:\\\/\\\/www.youtube.com\\\/watch?v=O3Ar_HU058c&amp;list=PLmHBbUI__57mF6oaUVNumHb5bRvuWNbJ5&amp;index=5 &quot;,&quot;yt_privacy&quot;:&quot;yes&quot;,&quot;lazy_load&quot;:&quot;yes&quot;,&quot;video_type&quot;:&quot;youtube&quot;,&quot;controls&quot;:&quot;yes&quot;}\" data-widget_type=\"video.default\">\n\t\t\t\t<div class=\"elementor-widget-container\">\n\t\t\t\t\t<div class=\"elementor-wrapper elementor-open-inline\">\n\t\t\t<div class=\"elementor-video\"><\/div>\t\t<\/div>\n\t\t\t\t<\/div>\n\t\t\t\t<\/div>\n\t\t\t\t\t<\/div>\n\t\t<\/div>\n\t\t\t\t<div class=\"elementor-column elementor-col-50 elementor-inner-column elementor-element elementor-element-a4f1f72 tm-bg-color-over-image\" data-id=\"a4f1f72\" data-element_type=\"column\">\n\t\t\t<div class=\"elementor-widget-wrap elementor-element-populated\">\n\t\t\t\t\t\t<div class=\"elementor-element elementor-element-bdc1dc5 elementor-widget elementor-widget-tm-ele-text-editor-advanced\" data-id=\"bdc1dc5\" data-element_type=\"widget\" data-widget_type=\"tm-ele-text-editor-advanced.default\">\n\t\t\t\t<div class=\"elementor-widget-container\">\n\t\t\t\t\t<div class=\"tm-text-editor-advanced\">\r\n\t\t\t\t\t<div class=\"each-item elementor-repeater-item-11aec28\">\r\n\t\t\t\t<p><strong><u>Korak 7: Kanali <br \/><br \/><\/u><\/strong>Kanali su posve\u0107eni podizanju svijesti me\u0111u klijentima o proizvodima i uslugama tvrtke. Oni poma\u017eu klijentima procijeniti Ponudu vrijednosti tvrtke i dopu\u0161taju im kupiti odre\u0111eni proizvod ili uslugu.<br \/><br \/>U ovom dijelu, detaljnije \u0107ete razmisliti o tome kako \u0107e va\u0161a tvrtka dose\u0107i Segment potro\u0161a\u010da.<br \/><br \/>Komunikacija, distribucija i kanali prodaje \u010dine tvrtkino su\u010delje s klijentima. Kanali su dodirna to\u010dka za potro\u0161a\u010de i igraju va\u017enu ulogu u iskustvu potro\u0161a\u010da.<br \/><br \/>Kanali odra\u0111uju nekoliko funkcija uklju\u010duju\u0107i:<br \/><br \/><\/p><ul><li>Podizanje svijesti me\u0111u klijentima o proizvodima i uslugama tvrtke.<\/li><li>vDopu\u0161taju klijentima kupnju proizvoda i usluga.<\/li><li>Pru\u017eaju korisni\u010dku podr\u0161ku nakon kupnje.<\/li><\/ul><p><strong>\u00a0<\/strong><\/p><p>Pitanja na koja se mora odgovoriti:<br \/><strong><br \/><\/strong><\/p><ul><li>Koja mjesta (online i offline) ciljana grupa\/potro\u0161a\u010di naj\u010de\u0161\u0107e posje\u0107uje?<\/li><li>Preko kojih kanala \u0107ete do\u0107i do potro\u0161a\u010da? (To \u0107e se mijenjati ovisno o ciljanoj grupi.)<\/li><li><strong><\/strong>Kolika \u0107e biti cijena?<\/li><li>Koji kanali najbolje funkcioniraju?<\/li><li>Koji kanali su najbolja vrijednost za novac?<\/li><\/ul>\t\t\t\t<\/div>\r\n\t\t\t\t\t\t<\/div>\r\n\t\t\t<\/div>\n\t\t\t\t<\/div>\n\t\t\t\t\t<\/div>\n\t\t<\/div>\n\t\t\t\t\t<\/div>\n\t\t<\/section>\n\t\t\t\t<section class=\"elementor-section elementor-inner-section elementor-element elementor-element-da22502 elementor-section-boxed elementor-section-height-default elementor-section-height-default tm-col-stretched-none tm-bg-color-over-image\" data-id=\"da22502\" data-element_type=\"section\">\n\t\t\t\t\t\t<div class=\"elementor-container elementor-column-gap-extended\">\n\t\t\t\t\t<div class=\"elementor-column elementor-col-100 elementor-inner-column elementor-element elementor-element-cd5b5a1 tm-bg-color-over-image\" data-id=\"cd5b5a1\" data-element_type=\"column\">\n\t\t\t<div class=\"elementor-widget-wrap elementor-element-populated\">\n\t\t\t\t\t\t<div class=\"elementor-element elementor-element-11f6fe7 elementor-align-center elementor-widget elementor-widget-button\" data-id=\"11f6fe7\" data-element_type=\"widget\" data-widget_type=\"button.default\">\n\t\t\t\t<div class=\"elementor-widget-container\">\n\t\t\t\t\t<div class=\"elementor-button-wrapper\">\n\t\t\t<a class=\"elementor-button elementor-button-link elementor-size-sm\" href=\"https:\/\/educate-green.eu\/hr\/canva-business-model-step-8\/\">\n\t\t\t\t\t\t<span class=\"elementor-button-content-wrapper\">\n\t\t\t\t\t\t\t\t\t<span class=\"elementor-button-text\">sljede\u0107e<\/span>\n\t\t\t\t\t<\/span>\n\t\t\t\t\t<\/a>\n\t\t<\/div>\n\t\t\t\t<\/div>\n\t\t\t\t<\/div>\n\t\t\t\t\t<\/div>\n\t\t<\/div>\n\t\t\t\t\t<\/div>\n\t\t<\/section>\n\t\t\t\t\t<\/div>\n\t\t<\/div>\n\t\t\t\t\t<\/div>\n\t\t<\/section>\n\t\t<div class=\"elementor-element elementor-element-8e25026 e-flex e-con-boxed e-con e-parent\" data-id=\"8e25026\" data-element_type=\"container\">\n\t\t\t\t\t<div class=\"e-con-inner\">\n\t\t\t\t<div class=\"elementor-element elementor-element-482b348 elementor-widget elementor-widget-spacer\" data-id=\"482b348\" data-element_type=\"widget\" data-widget_type=\"spacer.default\">\n\t\t\t\t<div class=\"elementor-widget-container\">\n\t\t\t\t\t<div class=\"elementor-spacer\">\n\t\t\t<div class=\"elementor-spacer-inner\"><\/div>\n\t\t<\/div>\n\t\t\t\t<\/div>\n\t\t\t\t<\/div>\n\t\t\t\t\t<\/div>\n\t\t\t\t<\/div>\n\t\t\t\t<\/div>","protected":false},"excerpt":{"rendered":"<p>Step 7: Channels Channels are all about raising awareness among customers about a company&#8217;s products and services. Helping customers evaluate&#8230;<\/p>","protected":false},"author":1,"featured_media":0,"parent":0,"menu_order":0,"comment_status":"closed","ping_status":"closed","template":"","meta":{"_monsterinsights_skip_tracking":false,"_monsterinsights_sitenote_active":false,"_monsterinsights_sitenote_note":"","_monsterinsights_sitenote_category":0,"footnotes":""},"class_list":["post-51208","page","type-page","status-publish","hentry"],"_links":{"self":[{"href":"https:\/\/educate-green.eu\/hr\/wp-json\/wp\/v2\/pages\/51208","targetHints":{"allow":["GET"]}}],"collection":[{"href":"https:\/\/educate-green.eu\/hr\/wp-json\/wp\/v2\/pages"}],"about":[{"href":"https:\/\/educate-green.eu\/hr\/wp-json\/wp\/v2\/types\/page"}],"author":[{"embeddable":true,"href":"https:\/\/educate-green.eu\/hr\/wp-json\/wp\/v2\/users\/1"}],"replies":[{"embeddable":true,"href":"https:\/\/educate-green.eu\/hr\/wp-json\/wp\/v2\/comments?post=51208"}],"version-history":[{"count":4,"href":"https:\/\/educate-green.eu\/hr\/wp-json\/wp\/v2\/pages\/51208\/revisions"}],"predecessor-version":[{"id":51252,"href":"https:\/\/educate-green.eu\/hr\/wp-json\/wp\/v2\/pages\/51208\/revisions\/51252"}],"wp:attachment":[{"href":"https:\/\/educate-green.eu\/hr\/wp-json\/wp\/v2\/media?parent=51208"}],"curies":[{"name":"wp","href":"https:\/\/api.w.org\/{rel}","templated":true}]}}