{"id":51211,"date":"2024-05-22T19:58:36","date_gmt":"2024-05-22T19:58:36","guid":{"rendered":"https:\/\/educate-green.eu\/?page_id=51211"},"modified":"2024-05-22T20:27:26","modified_gmt":"2024-05-22T20:27:26","slug":"canva-business-model-step-10","status":"publish","type":"page","link":"https:\/\/educate-green.eu\/hr\/canva-business-model-step-10\/","title":{"rendered":"Canva Business Model Step 10"},"content":{"rendered":"<div data-elementor-type=\"wp-page\" data-elementor-id=\"51211\" class=\"elementor elementor-51211\" data-elementor-post-type=\"page\">\n\t\t\t\t\t\t<section class=\"elementor-section elementor-top-section elementor-element elementor-element-cbddb8c elementor-section-stretched elementor-section-boxed elementor-section-height-default elementor-section-height-default tm-col-stretched-none tm-bg-color-over-image\" data-id=\"cbddb8c\" data-element_type=\"section\" data-settings=\"{&quot;background_background&quot;:&quot;classic&quot;,&quot;stretch_section&quot;:&quot;section-stretched&quot;}\">\n\t\t\t\t\t\t\t<div class=\"elementor-background-overlay\"><\/div>\n\t\t\t\t\t\t\t<div class=\"elementor-container elementor-column-gap-extended\">\n\t\t\t\t\t<div class=\"elementor-column elementor-col-100 elementor-top-column elementor-element elementor-element-d3f413f tm-bg-color-over-image\" data-id=\"d3f413f\" data-element_type=\"column\">\n\t\t\t<div class=\"elementor-widget-wrap elementor-element-populated\">\n\t\t\t\t\t\t<section class=\"elementor-section elementor-inner-section elementor-element elementor-element-e66dc3f elementor-section-boxed elementor-section-height-default elementor-section-height-default tm-col-stretched-none tm-bg-color-over-image\" data-id=\"e66dc3f\" data-element_type=\"section\">\n\t\t\t\t\t\t<div class=\"elementor-container elementor-column-gap-extended\">\n\t\t\t\t\t<div class=\"elementor-column elementor-col-100 elementor-inner-column elementor-element elementor-element-a4f1f72 tm-bg-color-over-image\" data-id=\"a4f1f72\" data-element_type=\"column\">\n\t\t\t<div class=\"elementor-widget-wrap elementor-element-populated\">\n\t\t\t\t\t\t<div class=\"elementor-element elementor-element-bdc1dc5 elementor-widget elementor-widget-tm-ele-text-editor-advanced\" data-id=\"bdc1dc5\" data-element_type=\"widget\" data-widget_type=\"tm-ele-text-editor-advanced.default\">\n\t\t\t\t<div class=\"elementor-widget-container\">\n\t\t\t\t\t<div class=\"tm-text-editor-advanced\">\r\n\t\t\t\t\t<div class=\"each-item elementor-repeater-item-11aec28\">\r\n\t\t\t\t<p><strong><u>Korak 10: Stvaranje dru\u0161tvenog poduze\u0107a<br \/><br \/><\/u><\/strong>Nema jedinstvene definicije \u0161to to \u010dini dru\u0161tveno poduzetni\u0161tvo. Me\u0111utim, jedna od glavnih to\u010daka koje dru\u0161tveno poduzetni\u0161tvo \u010dini razli\u010ditim od komercijalnoga je \u010dinjenica da se pona\u0161a prema ljudima druga\u010dije, na ljudskiji na\u010din.<br \/><br \/><\/p><p>Pitanja na koja se mora odgovoriti:<br \/><br \/><\/p><ul><li>Koju kategoriju manjina ili ljudi s manje mogu\u0107nosti \u0107ete zaposliti u va\u0161oj tvrtki?<\/li><li>Kako \u0107ete pomo\u0107i ljudima da se integriraju s ostatkom zaposlenika?<\/li><li>Ho\u0107ete li ponuditi dodatnu potporu ljudima osim zaposlenja?<\/li><li>Koji je postotak profita kojeg \u0107ete ponovo ulo\u017eiti u zajednicu?<\/li><li>Gdje \u0107ete ga ponovo ulo\u017eiti?<\/li><\/ul>\t\t\t\t<\/div>\r\n\t\t\t\t\t\t<\/div>\r\n\t\t\t<\/div>\n\t\t\t\t<\/div>\n\t\t\t\t\t<\/div>\n\t\t<\/div>\n\t\t\t\t\t<\/div>\n\t\t<\/section>\n\t\t\t\t<section class=\"elementor-section elementor-inner-section elementor-element elementor-element-da22502 elementor-section-boxed elementor-section-height-default elementor-section-height-default tm-col-stretched-none tm-bg-color-over-image\" data-id=\"da22502\" data-element_type=\"section\">\n\t\t\t\t\t\t<div class=\"elementor-container elementor-column-gap-extended\">\n\t\t\t\t\t<div class=\"elementor-column elementor-col-100 elementor-inner-column elementor-element elementor-element-cd5b5a1 tm-bg-color-over-image\" data-id=\"cd5b5a1\" data-element_type=\"column\">\n\t\t\t<div class=\"elementor-widget-wrap elementor-element-populated\">\n\t\t\t\t\t\t<div class=\"elementor-element elementor-element-11f6fe7 elementor-align-center elementor-widget elementor-widget-button\" data-id=\"11f6fe7\" data-element_type=\"widget\" data-widget_type=\"button.default\">\n\t\t\t\t<div class=\"elementor-widget-container\">\n\t\t\t\t\t<div class=\"elementor-button-wrapper\">\n\t\t\t<a class=\"elementor-button elementor-button-link elementor-size-sm\" href=\"https:\/\/educate-green.eu\/hr\/canva-business-model-step-11\/\">\n\t\t\t\t\t\t<span class=\"elementor-button-content-wrapper\">\n\t\t\t\t\t\t\t\t\t<span class=\"elementor-button-text\">sljede\u0107e<\/span>\n\t\t\t\t\t<\/span>\n\t\t\t\t\t<\/a>\n\t\t<\/div>\n\t\t\t\t<\/div>\n\t\t\t\t<\/div>\n\t\t\t\t\t<\/div>\n\t\t<\/div>\n\t\t\t\t\t<\/div>\n\t\t<\/section>\n\t\t\t\t\t<\/div>\n\t\t<\/div>\n\t\t\t\t\t<\/div>\n\t\t<\/section>\n\t\t<div class=\"elementor-element elementor-element-8e25026 e-flex e-con-boxed e-con e-parent\" data-id=\"8e25026\" data-element_type=\"container\">\n\t\t\t\t\t<div class=\"e-con-inner\">\n\t\t\t\t<div class=\"elementor-element elementor-element-482b348 elementor-widget elementor-widget-spacer\" data-id=\"482b348\" data-element_type=\"widget\" data-widget_type=\"spacer.default\">\n\t\t\t\t<div class=\"elementor-widget-container\">\n\t\t\t\t\t<div class=\"elementor-spacer\">\n\t\t\t<div class=\"elementor-spacer-inner\"><\/div>\n\t\t<\/div>\n\t\t\t\t<\/div>\n\t\t\t\t<\/div>\n\t\t\t\t\t<\/div>\n\t\t\t\t<\/div>\n\t\t\t\t<\/div>","protected":false},"excerpt":{"rendered":"<p>Step 10: Creating a Social Enterprise There is no one final decision on the definition of what makes up social&#8230;<\/p>","protected":false},"author":1,"featured_media":0,"parent":0,"menu_order":0,"comment_status":"closed","ping_status":"closed","template":"","meta":{"_monsterinsights_skip_tracking":false,"_monsterinsights_sitenote_active":false,"_monsterinsights_sitenote_note":"","_monsterinsights_sitenote_category":0,"footnotes":""},"class_list":["post-51211","page","type-page","status-publish","hentry"],"_links":{"self":[{"href":"https:\/\/educate-green.eu\/hr\/wp-json\/wp\/v2\/pages\/51211","targetHints":{"allow":["GET"]}}],"collection":[{"href":"https:\/\/educate-green.eu\/hr\/wp-json\/wp\/v2\/pages"}],"about":[{"href":"https:\/\/educate-green.eu\/hr\/wp-json\/wp\/v2\/types\/page"}],"author":[{"embeddable":true,"href":"https:\/\/educate-green.eu\/hr\/wp-json\/wp\/v2\/users\/1"}],"replies":[{"embeddable":true,"href":"https:\/\/educate-green.eu\/hr\/wp-json\/wp\/v2\/comments?post=51211"}],"version-history":[{"count":4,"href":"https:\/\/educate-green.eu\/hr\/wp-json\/wp\/v2\/pages\/51211\/revisions"}],"predecessor-version":[{"id":51266,"href":"https:\/\/educate-green.eu\/hr\/wp-json\/wp\/v2\/pages\/51211\/revisions\/51266"}],"wp:attachment":[{"href":"https:\/\/educate-green.eu\/hr\/wp-json\/wp\/v2\/media?parent=51211"}],"curies":[{"name":"wp","href":"https:\/\/api.w.org\/{rel}","templated":true}]}}