{"id":20055,"date":"2021-11-14T07:13:26","date_gmt":"2021-11-14T07:13:26","guid":{"rendered":"https:\/\/wp.kodesolution.live\/2021\/nonprofit\/ecoife\/?page_id=20055"},"modified":"2024-11-05T18:27:10","modified_gmt":"2024-11-05T18:27:10","slug":"about-us","status":"publish","type":"page","link":"https:\/\/educate-green.eu\/mt\/about-us\/","title":{"rendered":"Dwar il-Progett"},"content":{"rendered":"<div data-elementor-type=\"wp-page\" data-elementor-id=\"20055\" class=\"elementor elementor-20055\" data-elementor-post-type=\"page\">\n\t\t\t\t\t\t<section class=\"elementor-section elementor-top-section elementor-element elementor-element-cbddb8c elementor-section-stretched elementor-section-boxed elementor-section-height-default elementor-section-height-default tm-col-stretched-none tm-bg-color-over-image\" data-id=\"cbddb8c\" data-element_type=\"section\" data-settings=\"{&quot;background_background&quot;:&quot;classic&quot;,&quot;stretch_section&quot;:&quot;section-stretched&quot;}\">\n\t\t\t\t\t\t\t<div class=\"elementor-background-overlay\"><\/div>\n\t\t\t\t\t\t\t<div class=\"elementor-container elementor-column-gap-extended\">\n\t\t\t\t\t<div class=\"elementor-column elementor-col-100 elementor-top-column elementor-element elementor-element-d3f413f tm-bg-color-over-image\" data-id=\"d3f413f\" data-element_type=\"column\">\n\t\t\t<div class=\"elementor-widget-wrap elementor-element-populated\">\n\t\t\t\t\t\t<section class=\"elementor-section elementor-inner-section elementor-element elementor-element-e66dc3f elementor-section-boxed elementor-section-height-default elementor-section-height-default tm-col-stretched-none tm-bg-color-over-image\" data-id=\"e66dc3f\" data-element_type=\"section\">\n\t\t\t\t\t\t<div class=\"elementor-container elementor-column-gap-extended\">\n\t\t\t\t\t<div class=\"elementor-column elementor-col-100 elementor-inner-column elementor-element elementor-element-a4f1f72 tm-bg-color-over-image\" data-id=\"a4f1f72\" data-element_type=\"column\">\n\t\t\t<div class=\"elementor-widget-wrap elementor-element-populated\">\n\t\t\t\t\t\t<div class=\"elementor-element elementor-element-321bbb5 horizontal-line-align-left vertical-line-align-bottom elementor-widget elementor-widget-tm-ele-section-title\" data-id=\"321bbb5\" data-element_type=\"widget\" data-widget_type=\"tm-ele-section-title.default\">\n\t\t\t\t<div class=\"elementor-widget-container\">\n\t\t\t<div class=\"tm-sc-section-title section-title\">\r\n\t<div class=\"title-wrapper\">\r\n\t\t\t\t\t\t\t\t<h2 class=\"title\">\r\n\r\n\t\t\r\n\t\t\t\t<span class=\"title-part1\">Teduka l-a\u0127dar, intervjeni so\u010bjalment!<\/span>\r\n\t\t\t\t\r\n\t\t\r\n\t<\/h2>\r\n\t<div class=\"title-seperator-line\"><\/div>\t\t\t\t\t\t<\/div>\r\n<\/div>\t\t<\/div>\n\t\t\t\t<\/div>\n\t\t\t\t<div class=\"elementor-element elementor-element-bdc1dc5 elementor-widget elementor-widget-tm-ele-text-editor-advanced\" data-id=\"bdc1dc5\" data-element_type=\"widget\" data-widget_type=\"tm-ele-text-editor-advanced.default\">\n\t\t\t\t<div class=\"elementor-widget-container\">\n\t\t\t\t\t<div class=\"tm-text-editor-advanced\">\r\n\t\t\t\t\t<div class=\"each-item elementor-repeater-item-11aec28\">\r\n\t\t\t\t<p>Dan il-pro\u0121ett sar b\u2019kooperazzjoni ma\u2019 organizzazzjoni msie\u0127ba PRISMS minn Malta. L-idea ewlenija tal-pro\u0121ett kienet li jeduka lin-nies li ja\u0127dmu ma\u017c-\u017cg\u0127a\u017cag\u0127 fl-intraprenditorija so\u010bjali biex jittrasferixxu dak l-g\u0127arfien li\u017c-\u017cg\u0127a\u017cag\u0127 fl-organizzazzjonijiet tag\u0127hom. L-ewwel parti ta\u2019 dan il-pro\u0121ett KA2 kienet it-ta\u0127ri\u0121 tal-persunal tal-organizzazzjonijiet s\u0127ab f\u2019Novembru 2022. Il-kow\u010bis \u0121ew introdotti g\u0127as-su\u0121\u0121ett u \u0127olqu moduli dwar l-intraprenditorija so\u010bjali fis-sostenibbilt\u00e0 ambjentali.<br \/><br \/>It-tieni parti tal-pro\u0121ett kienet edukazzjoni pilota ta\u017c-\u017cg\u0127a\u017cag\u0127 dwar l-intraprenditorija so\u010bjali fis-sostenibbilt\u00e0 ambjentali f\u2019Oroslavje f\u2019Marzu 2024. 30 parte\u010bipant minn Malta u l-Kroazja tg\u0127allmu kif u liema g\u0127odod g\u0127andhom ju\u017caw biex tin\u0127oloq intrapri\u017ca so\u010bjali aktar fa\u010bilment. Wara l-attivitajiet tal-pro\u0121ett, kien hemm attivitajiet ta\u2019 tixrid ta\u2019 Green Meeting. 50 student tal-iskejjel ekonomi\u010bi \u0121ew introdotti fl-intraprenditorija so\u010bjali fil-Kroazja. Kien hemm Green Lunch fejn organizzazzjoni msie\u0127ba PRISMS ippromwoviet produtturi tal-prodotti tal-ikel lokali u sostenibbli u introdu\u010biet li\u017c-\u017cg\u0127a\u017cag\u0127 fil-pro\u0121ett tag\u0127na.<br \/><br \/>Intant, mal-imsie\u0127ba tag\u0127na minn Malta, \u0127loqna ktieb ta\u2019 gwida u \u017cew\u0121 moduli dwar l-intraprenditorija so\u010bjali fis-sostenibbilt\u00e0 ambjentali li tista\u2019 ssib fis-sezzjoni MATERJALI. <\/p>\t\t\t\t<\/div>\r\n\t\t\t\t\t\t<\/div>\r\n\t\t\t<\/div>\n\t\t\t\t<\/div>\n\t\t\t\t\t<\/div>\n\t\t<\/div>\n\t\t\t\t\t<\/div>\n\t\t<\/section>\n\t\t\t\t\t<\/div>\n\t\t<\/div>\n\t\t\t\t\t<\/div>\n\t\t<\/section>\n\t\t\t\t<\/div>","protected":false},"excerpt":{"rendered":"<p>Educate green, socially intervene! This project was done in cooperation with a partner organisation PRISMS from Malta. The project\u2019s main&#8230;<\/p>","protected":false},"author":1,"featured_media":0,"parent":0,"menu_order":0,"comment_status":"closed","ping_status":"closed","template":"","meta":{"_monsterinsights_skip_tracking":false,"_monsterinsights_sitenote_active":false,"_monsterinsights_sitenote_note":"","_monsterinsights_sitenote_category":0,"footnotes":""},"class_list":["post-20055","page","type-page","status-publish","hentry"],"_links":{"self":[{"href":"https:\/\/educate-green.eu\/mt\/wp-json\/wp\/v2\/pages\/20055","targetHints":{"allow":["GET"]}}],"collection":[{"href":"https:\/\/educate-green.eu\/mt\/wp-json\/wp\/v2\/pages"}],"about":[{"href":"https:\/\/educate-green.eu\/mt\/wp-json\/wp\/v2\/types\/page"}],"author":[{"embeddable":true,"href":"https:\/\/educate-green.eu\/mt\/wp-json\/wp\/v2\/users\/1"}],"replies":[{"embeddable":true,"href":"https:\/\/educate-green.eu\/mt\/wp-json\/wp\/v2\/comments?post=20055"}],"version-history":[{"count":20,"href":"https:\/\/educate-green.eu\/mt\/wp-json\/wp\/v2\/pages\/20055\/revisions"}],"predecessor-version":[{"id":51407,"href":"https:\/\/educate-green.eu\/mt\/wp-json\/wp\/v2\/pages\/20055\/revisions\/51407"}],"wp:attachment":[{"href":"https:\/\/educate-green.eu\/mt\/wp-json\/wp\/v2\/media?parent=20055"}],"curies":[{"name":"wp","href":"https:\/\/api.w.org\/{rel}","templated":true}]}}