{"id":50889,"date":"2024-04-21T18:42:36","date_gmt":"2024-04-21T18:42:36","guid":{"rendered":"https:\/\/educate-green.eu\/?page_id=50889"},"modified":"2024-05-22T17:49:16","modified_gmt":"2024-05-22T17:49:16","slug":"partner-prisms","status":"publish","type":"page","link":"https:\/\/educate-green.eu\/mt\/partner-prisms\/","title":{"rendered":"Prisms Malta"},"content":{"rendered":"<div data-elementor-type=\"wp-page\" data-elementor-id=\"50889\" class=\"elementor elementor-50889\" data-elementor-post-type=\"page\">\n\t\t\t\t\t\t<section class=\"elementor-section elementor-top-section elementor-element elementor-element-cbddb8c elementor-section-stretched elementor-section-boxed elementor-section-height-default elementor-section-height-default tm-col-stretched-none tm-bg-color-over-image\" data-id=\"cbddb8c\" data-element_type=\"section\" data-settings=\"{&quot;background_background&quot;:&quot;classic&quot;,&quot;stretch_section&quot;:&quot;section-stretched&quot;}\">\n\t\t\t\t\t\t\t<div class=\"elementor-background-overlay\"><\/div>\n\t\t\t\t\t\t\t<div class=\"elementor-container elementor-column-gap-extended\">\n\t\t\t\t\t<div class=\"elementor-column elementor-col-100 elementor-top-column elementor-element elementor-element-d3f413f tm-bg-color-over-image\" data-id=\"d3f413f\" data-element_type=\"column\">\n\t\t\t<div class=\"elementor-widget-wrap elementor-element-populated\">\n\t\t\t\t\t\t<div class=\"elementor-element elementor-element-321bbb5 horizontal-line-align-left vertical-line-align-bottom elementor-widget elementor-widget-tm-ele-section-title\" data-id=\"321bbb5\" data-element_type=\"widget\" data-widget_type=\"tm-ele-section-title.default\">\n\t\t\t\t<div class=\"elementor-widget-container\">\n\t\t\t<div class=\"tm-sc-section-title section-title\">\r\n\t<div class=\"title-wrapper\">\r\n\t\t\t\t\t\t<h6 class=\"subtitle\">\r\n\r\n\t\t\r\n\t\tInformazzjoni fuq l-Partners\t<\/h6>\r\n\t\t\t\t<h2 class=\"title\">\r\n\r\n\t\t\r\n\t\t\t\t<span class=\"title-part1\">PRISMS MALTA<\/span>\r\n\t\t\t\t\r\n\t\t\r\n\t<\/h2>\r\n\t<div class=\"title-seperator-line\"><\/div>\t\t\t\t\t\t<\/div>\r\n<\/div>\t\t<\/div>\n\t\t\t\t<\/div>\n\t\t\t\t<section class=\"elementor-section elementor-inner-section elementor-element elementor-element-e66dc3f elementor-section-boxed elementor-section-height-default elementor-section-height-default tm-col-stretched-none tm-bg-color-over-image\" data-id=\"e66dc3f\" data-element_type=\"section\">\n\t\t\t\t\t\t<div class=\"elementor-container elementor-column-gap-extended\">\n\t\t\t\t\t<div class=\"elementor-column elementor-col-50 elementor-inner-column elementor-element elementor-element-c25791e tm-bg-color-over-image\" data-id=\"c25791e\" data-element_type=\"column\">\n\t\t\t<div class=\"elementor-widget-wrap elementor-element-populated\">\n\t\t\t\t\t\t<div class=\"elementor-element elementor-element-0ddcc25 elementor-widget elementor-widget-tm-ele-animated-layers\" data-id=\"0ddcc25\" data-element_type=\"widget\" data-widget_type=\"tm-ele-animated-layers.default\">\n\t\t\t\t<div class=\"elementor-widget-container\">\n\t\t\t\t\t<div class=\"tm-sc-animated-layer-advanced\">\r\n\t\t\t<div class=\"animated-layer-advanced-inner clearfix\">\r\n\t\r\n<div class=\"layer-image-wrapper layer-image  layer-image-fullwidth elementor-repeater-item-c0d80af\" style=\"\">\r\n\t<div class=\"layer-inner layer-image\">\r\n\t\t<div class=\"layer-image-inner-wrapper image-hover-effect-shine\">\r\n\t\t\t<img fetchpriority=\"high\" decoding=\"async\" class=\"\" src=\"https:\/\/educate-green.eu\/wp-content\/uploads\/2024\/05\/AFS_JonathanBrincatPhotography_-119-scaled.jpg\" width=\"2560\" height=\"1708\" alt=\"Image\">\r\n\t\t<\/div>\r\n\t<\/div>\r\n<\/div>\r\n\t\t\t<\/div>\r\n\t\t\t<div class=\"clearfix\"><\/div>\r\n\t\t<\/div>\r\n\t\t\t<\/div>\n\t\t\t\t<\/div>\n\t\t\t\t\t<\/div>\n\t\t<\/div>\n\t\t\t\t<div class=\"elementor-column elementor-col-50 elementor-inner-column elementor-element elementor-element-a4f1f72 tm-bg-color-over-image\" data-id=\"a4f1f72\" data-element_type=\"column\">\n\t\t\t<div class=\"elementor-widget-wrap elementor-element-populated\">\n\t\t\t\t\t\t<div class=\"elementor-element elementor-element-bdc1dc5 elementor-widget elementor-widget-tm-ele-text-editor-advanced\" data-id=\"bdc1dc5\" data-element_type=\"widget\" data-widget_type=\"tm-ele-text-editor-advanced.default\">\n\t\t\t\t<div class=\"elementor-widget-container\">\n\t\t\t\t\t<div class=\"tm-text-editor-advanced\">\r\n\t\t\t\t\t<div class=\"each-item elementor-repeater-item-11aec28\">\r\n\t\t\t\t<p class=\"translation-block\">Prisms huwa grupp ta\u2019 youth workers b\u2019esperjenza li fl-2008 ng\u0127aqdu flimkien bil-g\u0127an li tin\u0127oloq NGO li ta\u0127seb g\u0127all-\u0127ti\u0121ijiet ta\u017c-\u017cg\u0127a\u017cag\u0127 u ta\u2019 dawk li ja\u0127dmu ma\u017c-\u017cg\u0127a\u017cag\u0127. Prisms g\u0127andha l-g\u0127an li tag\u0127ti s-setg\u0127a lin-nies bil-\u0127iliet, l-g\u0127odod, l-informazzjoni u l-valuri me\u0127tie\u0121a g\u0127at-tkabbir personali u biex ikunu parte\u010bipanti attivi fis-so\u010bjet\u00e0. Prisms tipprovdi g\u0127all-\u0127ti\u0121ijiet tan-nies li ta\u0127dem mag\u0127hom permezz ta\u2019 metodi innovattivi ta\u2019 edukazzjoni mhux formali sabiex jil\u0127qu l-b\u017connijiet tag\u0127hom b\u2019mod \u0127olistiku.<\/p><p><\/p>\t\t\t\t<\/div>\r\n\t\t\t\t\t\t<\/div>\r\n\t\t\t<\/div>\n\t\t\t\t<\/div>\n\t\t\t\t<div class=\"elementor-element elementor-element-bc2f58b elementor-widget elementor-widget-tm-ele-button\" data-id=\"bc2f58b\" data-element_type=\"widget\" data-widget_type=\"tm-ele-button.default\">\n\t\t\t\t<div class=\"elementor-widget-container\">\n\t\t\t<div class=\"tm-sc-button btn-view-details\">\r\n\t<a  href=\"https:\/\/www.prismsmalta.com\/\" \r\n\t\t\t\t\t\tclass=\"btn btn-outline-theme-colored1 btn-outline btn-lg btn-round\">\r\n\r\n\t\t\r\n\t\t\r\n\t\t<span>\r\n\t\tDiscover more\t\t<\/span>\r\n\r\n\t\t\t<\/a>\r\n<\/div>\t\t<\/div>\n\t\t\t\t<\/div>\n\t\t\t\t\t<\/div>\n\t\t<\/div>\n\t\t\t\t\t<\/div>\n\t\t<\/section>\n\t\t\t\t<div class=\"elementor-element elementor-element-bc0e90f elementor-widget elementor-widget-spacer\" data-id=\"bc0e90f\" data-element_type=\"widget\" data-widget_type=\"spacer.default\">\n\t\t\t\t<div class=\"elementor-widget-container\">\n\t\t\t\t\t<div class=\"elementor-spacer\">\n\t\t\t<div class=\"elementor-spacer-inner\"><\/div>\n\t\t<\/div>\n\t\t\t\t<\/div>\n\t\t\t\t<\/div>\n\t\t\t\t<div class=\"elementor-element elementor-element-d8f13db elementor-widget elementor-widget-tm-ele-text-editor-advanced\" data-id=\"d8f13db\" data-element_type=\"widget\" data-widget_type=\"tm-ele-text-editor-advanced.default\">\n\t\t\t\t<div class=\"elementor-widget-container\">\n\t\t\t\t\t<div class=\"tm-text-editor-advanced\">\r\n\t\t\t\t\t<div class=\"each-item elementor-repeater-item-11aec28\">\r\n\t\t\t\t<p>Prisms jiffoka fuq ta\u0127ri\u0121 u mentoring, g\u0127odod online, benessri mentali, inklu\u017cjoni u di\u017cabilit\u00e0 permezz tal-g\u0127anijiet li \u0121ejjin:<br \/><br \/><\/p><p><strong>Zghazagh<\/strong><br \/>- Context out: Prisms tistinka biex tg\u0127aqqad ma\u017c-\u017cg\u0127a\u017cag\u0127 fl-ambjent tag\u0127hom. Il-\u0127addiema ta\u017c-\u017cg\u0127a\u017cag\u0127 tag\u0127na jil\u0127qu li\u017c-\u017cg\u0127a\u017cag\u0127 biex jifhmu s-sitwazzjoni tal-g\u0127ajxien tag\u0127hom, f'liema punt huma f'\u0127ajjithom u fir-relazzjonijiet ewlenin tag\u0127hom ma' \u0127addie\u0127or,<br \/>- Anali\u017ci tal-\u0127ti\u0121ijiet: Fil-ba\u017ci tal-attivitajiet kollha tag\u0127na hemm appro\u010b\u010b i\u010b\u010bentrat fuq il-persuna li jippermettilna nikkonnettjaw ma 'skop. Prisms tisma\u2019 li\u017c-\u017cg\u0127a\u017cag\u0127 u l-esperjenzi tal-\u0127ajja tag\u0127hom u flimkien ma\u017c-\u017cag\u0127\u017cug\u0127 jidentifikaw il-b\u017connijiet li jridu ji\u0121u indirizzati,<br \/>- Empower: Prisms temmen li kull persuna g\u0127andha potenzjal u permezz ta\u2019 relazzjoni po\u017cittiva ma\u017c-\u017cag\u0127\u017cug\u0127, tisfidaha biex tistabbilixxi miri li jistg\u0127u jintla\u0127qu g\u0127at-tkabbir tag\u0127ha.<br \/><br \/><strong>Youth workers<\/strong><br \/>- Prisms jiffoka kemm fuq l-i\u017cvilupp personali kif ukoll professjonali tal-\u0127addiema ta\u017c-\u017cg\u0127a\u017cag\u0127. A\u0127na nemmnu li l-benessri \u0121enerali tal-\u0127addiem ma\u017c-\u017cg\u0127a\u017cag\u0127 huwa kru\u010bjali peress li jservu b\u0127ala mudelli g\u0127a\u017c-\u017cg\u0127a\u017cag\u0127. L-i\u017cvilupp tal-\u0127iliet intra u interpersonali tag\u0127hom jippermetti lill-\u0127addiem ta\u017c-\u017cg\u0127a\u017cag\u0127 biex jimpenja ru\u0127u a\u0127jar ma\u017c-\u017cg\u0127a\u017cag\u0127 li ja\u0127dmu mag\u0127hom. Prisms jipprovdi g\u0127odod lill-\u0127addiema \u017cg\u0127a\u017cag\u0127 biex ikunu aktar awtoriflettivi u jidentifikaw oqsma g\u0127at-tkabbir,<\/p><p>- Marbuta ma\u2019 dan ta\u2019 hawn fuq, fuq livell professjonali, Prisms toffri g\u0127odod u metodi innovattivi dwar kif il-\u0127addiema \u017cg\u0127a\u017cag\u0127 jistg\u0127u jil\u0127qu, jg\u0127aqqdu, jimpenjaw ru\u0127hom u jag\u0127tu s-setg\u0127a li\u017c-\u017cg\u0127a\u017cag\u0127.<br \/><br \/><strong>Gruppi li Prisms Jilhaq<\/strong><br \/>Prisms g\u0127andha \u017cew\u0121 gruppi ewlenin fil-mira:<br \/>1) \u017bg\u0127a\u017cag\u0127 ta\u2019 bejn it-13 u l-35 sena<br \/>2) Youth workers, youth leaders u professjonisti o\u0127ra li ja\u0127dmu ma\u017c-\u017cg\u0127a\u017cag\u0127. M'hemm l-ebda medda ta' et\u00e0 partikolari g\u0127al dan il-grupp fil-mira<br \/><br \/><strong>Il-firxa \u0121eografika u l-attivitajiet ewlenin<\/strong><\/p><p>A\u0127na nwasslu workshops, seminars u korsijiet ta\u2019 ta\u0127ri\u0121. Matul is-snin, Prisms \u017cviluppat il-kompetenza tag\u0127ha fix-xog\u0127ol online ta\u017c-\u017cg\u0127a\u017cag\u0127 u g\u0127odod online li jipprovdu l-opportunit\u00e0 lill-\u0127addiema ma\u017c-\u017cg\u0127a\u017cag\u0127 biex jimpenjaw ru\u0127hom ma\u017c-\u017cg\u0127a\u017cag\u0127 kemm online kif ukoll offline. Barra minn hekk, b\u0127alissa qed nipprovdu ta\u0127ri\u0121 lill-edukaturi f\u2019Malta b\u0127ala parti mis-sessjonijiet tag\u0127hom tal-Komunit\u00e0 ta\u2019 Edukaturi Professjonali (CoPE). It-ta\u0127ri\u0121 huwa pprovdut dwar il-\u0121estjoni tar-rabja, l-integrazzjoni tal-karatteristi\u010bi online f'ambjent onlajn u l-komunikazzjoni interkulturali. L-implimentazzjoni b\u2019su\u010b\u010bess tal-inizjattivi tag\u0127na hija attribwibbli wkoll g\u0127all-fatt li Prisms dejjem fittxet li to\u0127loq kollaborazzjonijiet sinifikanti u b\u2019hekk \u0127loqna s\u0127ubijiet nazzjonali mad-Direttorat g\u0127as-Servizzi Edukattivi, il-Kulle\u0121\u0121 San Gorg Preca u l-Migrants Learners Unit mal-Ministeru g\u0127all-Edukazzjoni u x-Xog\u0127ol. , l-Istitut g\u0127all-Istudji Turisti\u010bi, il-Kulle\u0121\u0121 Malti g\u0127all-Arti, ix-Xjenza u t-Teknolo\u0121ija (MCAST), il-Pjattaforma g\u0127all-Organizzazzjonijiet tad-Drittijiet tal-Bniedem f\u2019Malta (PHROM), l-Iskola San Patrizju, il-Fondazzjoni Karl Vella, il-Kummissjoni g\u0127ad-Drittijiet tal-Persuni ta\u2019 Disability, Agenzija Sapport, Agenzija Zghazagh and Fondazzjoni Sebh. Fuq livell Ewropew, Prisms hija parti minn netwerks internazzjonali b\u0127al Mais Cidadinia, PRISMA European Network, Anna Lindh Foundation u l-International Experiential Learning Network. Dan ji\u017cgura li l-inizjattivi tag\u0127na jkunu ta\u2019 kwalit\u00e0 tajba u li joffru spazju g\u0127a\u017c-\u017cg\u0127a\u017cag\u0127 \u0127addiema u \u017cg\u0127a\u017cag\u0127 biex jibnu l-kapa\u010bit\u00e0 tag\u0127hom stess u ta' organizzazzjoni tag\u0127hom filwaqt li joffru wkoll prattiki ta' kwalit\u00e0 tajba ta' xog\u0127ol ta\u017c-\u017cg\u0127a\u017cag\u0127. Dawn is-s\u0127ubijiet joffru l-possibbilt\u00e0 ta' skambji tal-a\u0127jar prattiki.<br \/><br \/><\/p><p>Prisms ilha timplimenta pro\u0121etti u torganizza korsijiet ta\u2019 ta\u0127ri\u0121 fuq Livell nazzjonali u Ewropew sa mit-twaqqif tag\u0127ha. Ninvestu \u0127afna \u0127in u sforz biex nippromwovu x-xog\u0127ol ta\u017c-\u017cg\u0127a\u017cag\u0127 u l-edukazzjoni mhux formali b'modi innovattivi. Tabil\u0127aqq, l-organizzazzjoni tag\u0127na temmen li g\u0127andna nkunu fejn qeg\u0127din i\u017c-\u017cg\u0127a\u017cag\u0127 u m\u2019g\u0127andniex nibba\u017caw l-attivitajiet tag\u0127na fuq it-twemmin li \u017c-\u017cg\u0127a\u017cag\u0127 se ji\u0121u g\u0127andna imma pjuttost g\u0127andna mmorru fihom. G\u0127al din ir-ra\u0121uni l-attivitajiet u l-pro\u0121etti kollha tag\u0127na huma bba\u017cati fuq anali\u017ci tal-\u0127ti\u0121ijiet fil-fond u huma mibnija mi\u017c-\u017cg\u0127a\u017cag\u0127, ma\u017c-\u017cg\u0127a\u017cag\u0127 u g\u0127a\u017c-\u017cg\u0127a\u017cag\u0127. Importanti huwa l-fatt li nemmnu li l-\u0127addiema ma\u017c-\u017cg\u0127a\u017cag\u0127 u dawk li ja\u0127dmu ma\u017c-\u017cg\u0127a\u017cag\u0127 g\u0127andhom jag\u0127mlu u\u017cu minn pratti\u010bi ta\u2019 xog\u0127ol online ta\u017c-\u017cg\u0127a\u017cag\u0127 sabiex ikunu eqreb ta\u017c-\u017cg\u0127a\u017cag\u0127 u jimpenjaw ru\u0127hom a\u0127jar mag\u0127hom. Tabil\u0127aqq, a\u0127na impenjati f\u2019numru ta\u2019 pro\u0121etti li jipprovdu aktar xog\u0127ol ta\u017c-\u017cg\u0127a\u017cag\u0127 ta\u2019 kwalit\u00e0 permezz ta\u2019 servizzi onlajn.<\/p><p><\/p><p><\/p>\t\t\t\t<\/div>\r\n\t\t\t\t\t\t<\/div>\r\n\t\t\t<\/div>\n\t\t\t\t<\/div>\n\t\t\t\t\t<\/div>\n\t\t<\/div>\n\t\t\t\t\t<\/div>\n\t\t<\/section>\n\t\t\t\t<\/div>","protected":false},"excerpt":{"rendered":"<p>PROJECT PARTNER PRISMS MALTA Prisms is a group of experienced youth workers that in 2008 came together with the aim&#8230;<\/p>","protected":false},"author":1,"featured_media":0,"parent":0,"menu_order":0,"comment_status":"closed","ping_status":"closed","template":"","meta":{"_monsterinsights_skip_tracking":false,"_monsterinsights_sitenote_active":false,"_monsterinsights_sitenote_note":"","_monsterinsights_sitenote_category":0,"footnotes":""},"class_list":["post-50889","page","type-page","status-publish","hentry"],"_links":{"self":[{"href":"https:\/\/educate-green.eu\/mt\/wp-json\/wp\/v2\/pages\/50889","targetHints":{"allow":["GET"]}}],"collection":[{"href":"https:\/\/educate-green.eu\/mt\/wp-json\/wp\/v2\/pages"}],"about":[{"href":"https:\/\/educate-green.eu\/mt\/wp-json\/wp\/v2\/types\/page"}],"author":[{"embeddable":true,"href":"https:\/\/educate-green.eu\/mt\/wp-json\/wp\/v2\/users\/1"}],"replies":[{"embeddable":true,"href":"https:\/\/educate-green.eu\/mt\/wp-json\/wp\/v2\/comments?post=50889"}],"version-history":[{"count":46,"href":"https:\/\/educate-green.eu\/mt\/wp-json\/wp\/v2\/pages\/50889\/revisions"}],"predecessor-version":[{"id":51193,"href":"https:\/\/educate-green.eu\/mt\/wp-json\/wp\/v2\/pages\/50889\/revisions\/51193"}],"wp:attachment":[{"href":"https:\/\/educate-green.eu\/mt\/wp-json\/wp\/v2\/media?parent=50889"}],"curies":[{"name":"wp","href":"https:\/\/api.w.org\/{rel}","templated":true}]}}