{"id":51134,"date":"2024-05-18T13:42:07","date_gmt":"2024-05-18T13:42:07","guid":{"rendered":"https:\/\/educate-green.eu\/?page_id=51134"},"modified":"2024-06-03T21:33:28","modified_gmt":"2024-06-03T21:33:28","slug":"partner-num","status":"publish","type":"page","link":"https:\/\/educate-green.eu\/mt\/partner-num\/","title":{"rendered":"NUM Croatia"},"content":{"rendered":"<div data-elementor-type=\"wp-page\" data-elementor-id=\"51134\" class=\"elementor elementor-51134\" data-elementor-post-type=\"page\">\n\t\t\t\t\t\t<section class=\"elementor-section elementor-top-section elementor-element elementor-element-cbddb8c elementor-section-stretched elementor-section-boxed elementor-section-height-default elementor-section-height-default tm-col-stretched-none tm-bg-color-over-image\" data-id=\"cbddb8c\" data-element_type=\"section\" data-settings=\"{&quot;background_background&quot;:&quot;classic&quot;,&quot;stretch_section&quot;:&quot;section-stretched&quot;}\">\n\t\t\t\t\t\t\t<div class=\"elementor-background-overlay\"><\/div>\n\t\t\t\t\t\t\t<div class=\"elementor-container elementor-column-gap-extended\">\n\t\t\t\t\t<div class=\"elementor-column elementor-col-100 elementor-top-column elementor-element elementor-element-d3f413f tm-bg-color-over-image\" data-id=\"d3f413f\" data-element_type=\"column\">\n\t\t\t<div class=\"elementor-widget-wrap elementor-element-populated\">\n\t\t\t\t\t\t<div class=\"elementor-element elementor-element-321bbb5 horizontal-line-align-left vertical-line-align-bottom elementor-widget elementor-widget-tm-ele-section-title\" data-id=\"321bbb5\" data-element_type=\"widget\" data-widget_type=\"tm-ele-section-title.default\">\n\t\t\t\t<div class=\"elementor-widget-container\">\n\t\t\t<div class=\"tm-sc-section-title section-title\">\r\n\t<div class=\"title-wrapper\">\r\n\t\t\t\t\t\t<h6 class=\"subtitle\">\r\n\r\n\t\t\r\n\t\tInformazzjoni fuq l-Partners\t<\/h6>\r\n\t\t\t\t<h2 class=\"title\">\r\n\r\n\t\t\r\n\t\t\t\t<span class=\"title-part1\">Asso\u010bjazzjoni \u017bg\u0127a\u017cag\u0127 Indipendenti<\/span>\r\n\t\t\t\t\r\n\t\t\r\n\t<\/h2>\r\n\t<div class=\"title-seperator-line\"><\/div>\t\t\t\t\t\t<\/div>\r\n<\/div>\t\t<\/div>\n\t\t\t\t<\/div>\n\t\t\t\t<section class=\"elementor-section elementor-inner-section elementor-element elementor-element-e66dc3f elementor-section-boxed elementor-section-height-default elementor-section-height-default tm-col-stretched-none tm-bg-color-over-image\" data-id=\"e66dc3f\" data-element_type=\"section\">\n\t\t\t\t\t\t<div class=\"elementor-container elementor-column-gap-extended\">\n\t\t\t\t\t<div class=\"elementor-column elementor-col-50 elementor-inner-column elementor-element elementor-element-c25791e tm-bg-color-over-image\" data-id=\"c25791e\" data-element_type=\"column\">\n\t\t\t<div class=\"elementor-widget-wrap elementor-element-populated\">\n\t\t\t\t\t\t<div class=\"elementor-element elementor-element-0ddcc25 elementor-widget elementor-widget-tm-ele-animated-layers\" data-id=\"0ddcc25\" data-element_type=\"widget\" data-widget_type=\"tm-ele-animated-layers.default\">\n\t\t\t\t<div class=\"elementor-widget-container\">\n\t\t\t\t\t<div class=\"tm-sc-animated-layer-advanced\">\r\n\t\t\t<div class=\"animated-layer-advanced-inner clearfix\">\r\n\t\r\n<div class=\"layer-image-wrapper layer-image  layer-image-fullwidth elementor-repeater-item-c0d80af\" style=\"\">\r\n\t<div class=\"layer-inner layer-image\">\r\n\t\t<div class=\"layer-image-inner-wrapper image-hover-effect-shine\">\r\n\t\t\t<img fetchpriority=\"high\" decoding=\"async\" class=\"\" src=\"https:\/\/educate-green.eu\/wp-content\/uploads\/2024\/05\/DSS1043.jpg\" width=\"1200\" height=\"795\" alt=\"Image\">\r\n\t\t<\/div>\r\n\t<\/div>\r\n<\/div>\r\n\t\t\t<\/div>\r\n\t\t\t<div class=\"clearfix\"><\/div>\r\n\t\t<\/div>\r\n\t\t\t<\/div>\n\t\t\t\t<\/div>\n\t\t\t\t\t<\/div>\n\t\t<\/div>\n\t\t\t\t<div class=\"elementor-column elementor-col-50 elementor-inner-column elementor-element elementor-element-a4f1f72 tm-bg-color-over-image\" data-id=\"a4f1f72\" data-element_type=\"column\">\n\t\t\t<div class=\"elementor-widget-wrap elementor-element-populated\">\n\t\t\t\t\t\t<div class=\"elementor-element elementor-element-bdc1dc5 elementor-widget elementor-widget-tm-ele-text-editor-advanced\" data-id=\"bdc1dc5\" data-element_type=\"widget\" data-widget_type=\"tm-ele-text-editor-advanced.default\">\n\t\t\t\t<div class=\"elementor-widget-container\">\n\t\t\t\t\t<div class=\"tm-text-editor-advanced\">\r\n\t\t\t\t\t<div class=\"each-item elementor-repeater-item-11aec28\">\r\n\t\t\t\t<p class=\"translation-block\">L-Asso\u010bjazzjoni ta\u017c-\u017bg\u0127a\u017cag\u0127 Indipendenti (IYA) hija organizzazzjoni mhux governattiva ming\u0127ajr skop ta' qlig\u0127 imwaqqfa mi\u017c-\u017bG\u0126A\u017bAG\u0126, hija mmexxija b'mod indipendenti mi\u017c-\u017bG\u0126A\u017bAG\u0126, u ta\u0127dem ma\u017c-\u017bG\u0126A\u017bAG\u0126 u g\u0127a\u017c-\u017bG\u0126A\u017bAG\u0126.\nIlna attivi mill-2002 meta \u010bertu grupp ta\u2019 \u017cg\u0127a\u017cag\u0127 kellhom idea li fakkrithom fi problema. Ma kienx hemm bi\u017c\u017cejjed attivit\u00e0 g\u0127a\u017c-\u017cg\u0127a\u017cag\u0127, ma kienx hemm inizjattivi u lanqas\/jew programmi g\u0127a\u017c-\u017cg\u0127a\u017cag\u0127 f'Lepoglava. Dawk i\u017c-\u017cg\u0127a\u017cag\u0127 ma stennewx li l-problema tissolva hi stess jew li xi \u0127add ie\u0127or isolviha, i\u017cda u\u017caw l-ispirtu avventuru\u017c, l-g\u0127arfien, il-\u0127iliet, u l-\u0127in liberu tag\u0127hom biex isolvuha. Huma g\u0127amlu pass fid-direzzjoni t-tajba. Dan g\u0127adu l-prin\u010bipju llum. Dak li jiggwidana huma l-valuri tat-trasparenza, l-isforz tat-tim, l-g\u0127aqda, l-attivi\u017cmu, l-involviment, u l-ugwaljanza \u2013 u l-aktar wie\u0127ed importanti \u2013 is-smig\u0127!<\/p>\t\t\t\t<\/div>\r\n\t\t\t\t\t\t<\/div>\r\n\t\t\t<\/div>\n\t\t\t\t<\/div>\n\t\t\t\t<div class=\"elementor-element elementor-element-bc2f58b elementor-widget elementor-widget-tm-ele-button\" data-id=\"bc2f58b\" data-element_type=\"widget\" data-widget_type=\"tm-ele-button.default\">\n\t\t\t\t<div class=\"elementor-widget-container\">\n\t\t\t<div class=\"tm-sc-button btn-view-details\">\r\n\t<a  href=\"https:\/\/num.hr\/\" \r\n\t\t\t\t\t\tclass=\"btn btn-outline-theme-colored1 btn-outline btn-lg btn-round\">\r\n\r\n\t\t\r\n\t\t\r\n\t\t<span>\r\n\t\tDiscover more\t\t<\/span>\r\n\r\n\t\t\t<\/a>\r\n<\/div>\t\t<\/div>\n\t\t\t\t<\/div>\n\t\t\t\t\t<\/div>\n\t\t<\/div>\n\t\t\t\t\t<\/div>\n\t\t<\/section>\n\t\t\t\t<div class=\"elementor-element elementor-element-bc0e90f elementor-widget elementor-widget-spacer\" data-id=\"bc0e90f\" data-element_type=\"widget\" data-widget_type=\"spacer.default\">\n\t\t\t\t<div class=\"elementor-widget-container\">\n\t\t\t\t\t<div class=\"elementor-spacer\">\n\t\t\t<div class=\"elementor-spacer-inner\"><\/div>\n\t\t<\/div>\n\t\t\t\t<\/div>\n\t\t\t\t<\/div>\n\t\t\t\t<div class=\"elementor-element elementor-element-d8f13db elementor-widget elementor-widget-tm-ele-text-editor-advanced\" data-id=\"d8f13db\" data-element_type=\"widget\" data-widget_type=\"tm-ele-text-editor-advanced.default\">\n\t\t\t\t<div class=\"elementor-widget-container\">\n\t\t\t\t\t<div class=\"tm-text-editor-advanced\">\r\n\t\t\t\t\t<div class=\"each-item elementor-repeater-item-11aec28\">\r\n\t\t\t\t<p class=\"s3 translation-block\">Nisimg\u0127u li\u017c-\u017cg\u0127a\u017cag\u0127, il-b\u017connijiet, il-problemi, is-su\u0121\u0121erimenti, u l-ideat tag\u0127hom. Na\u0127dmu fuq il-benesseri tag\u0127hom, l-i\u017cvilupp, u l-kisba tal-potenzjal tag\u0127hom, l-involviment attiv fil-komunit\u00e0, ninkora\u0121\u0121ixxu bidliet po\u017cittivi, u s-sostenibbilt\u00e0 tal-komunit\u00e0 u s-so\u010bjet\u00e0 li jappartjenu g\u0127aliha.\nIl-ba\u017ci g\u0127al parte\u010bipazzjoni tajba u ta\u2019 su\u010b\u010bess hija l-konnessjoni u n-netwerking u g\u0127alhekk a\u0127na konnessi ma\u2019 diversi organizzazzjonijiet, organizzazzjonijiet ta\u017c-\u017cg\u0127a\u017cag\u0127, istituzzjonijiet, asso\u010bjazzjonijiet, e\u010b\u010b. IYA hija wa\u0127da mill-membri fundaturi tan-Netwerk ta\u017c-\u017bg\u0127a\u017cag\u0127 Kroazja, u membru tal-Asso\u010bjazzjoni ta\u010b-\u010aentri ta' Informazzjoni fil-Kroazja.<\/p><p class=\"translation-block\">Il-pro\u0121ett Erasmus+ ma jkunx l-istess kieku l-IYA ma kellhiex mill-inqas skambju wie\u0127ed ta\u017c-\u017cg\u0127a\u017cag\u0127 f\u2019sena jew il-mobilit\u00e0 tan-nies li ja\u0127dmu ma\u017c-\u017cg\u0127a\u017cag\u0127. G\u0127andna g\u0127arfien sostanzjali dwar l-implimentazzjoni ta' pro\u0121etti b\u0127ala utent jew sie\u0127eb fuq livell Ewropew. Il-pro\u0121etti kollha huma ffukati fuq i\u017c-\u017cg\u0127a\u017cag\u0127 u l-parte\u010bipazzjoni tag\u0127hom fil-\u0127ajja so\u010bjali tal-Ewropa. Qeg\u0127din na\u0127dmu biex in\u0121ibu dik l-Ewropa f'Lepoglava biex nintrodu\u010bu Lepoglava g\u0127al fra\u017cijiet b\u0127al \"lejl interkulturali\", \"ener\u0121izzatur\" u \"edukazzjoni informali\", i\u017cda wkoll g\u0127all-valuri li tippromwovi l-Unjoni Ewropea.\nIl-Jailhouse Festival \u0127sejjes familjari. Dak a\u0127na! Noffru lill-vi\u017citaturi tag\u0127na opportunit\u00e0 li jqattg\u0127u parti minn Awwissu tag\u0127hom b\u2019mod ta\u2019 kwalit\u00e0, ispirati mill-kultura, divertiment, sport, u kull \u0127a\u0121a o\u0127ra li tinkora\u0121\u0121ixxi l-attivit\u00e0 ta\u017c-\u017cg\u0127a\u017cag\u0127 u jqattg\u0127u l-\u0127in tag\u0127hom b\u2019mod ta\u2019 kwalit\u00e0.<\/p>\t\t\t\t<\/div>\r\n\t\t\t\t\t\t<\/div>\r\n\t\t\t<\/div>\n\t\t\t\t<\/div>\n\t\t\t\t<div class=\"elementor-element elementor-element-5e28c12 elementor-widget elementor-widget-tm-ele-text-editor-advanced\" data-id=\"5e28c12\" data-element_type=\"widget\" data-widget_type=\"tm-ele-text-editor-advanced.default\">\n\t\t\t\t<div class=\"elementor-widget-container\">\n\t\t\t\t\t<div class=\"tm-text-editor-advanced\">\r\n\t\t\t\t\t<div class=\"each-item elementor-repeater-item-11aec28\">\r\n\t\t\t\t<p class=\"translation-block\">Il-Jailhouse Festival huwa festival li twaqqfet mi\u017c-\u017cg\u0127a\u017cag\u0127 minn Lepoglava u l-in\u0127awi tal-madwar. It-tradizzjoni bdiet min\u0127abba n-nuqqas ta 'attivitajiet kulturali, divertenti u sportivi, vojt, u nuqqas ta' attrazzjoni tal-belt fis-sajf. Il-Jailhouse Festival huwa organizzat mi\u017c-\u017cg\u0127a\u017cag\u0127 li jippruvaw j\u0121edded il-\u0121ranet s\u0127an tas-sajf bi programm g\u0127ani g\u0127al sebat ijiem u aktar minn 20 attivit\u00e0 differenti. Nag\u0127tu opportunit\u00e0 lin-nies tal-lokal u lill-vi\u017citaturi biex igawdu l-attivitajiet varji ming\u0127ajr ma jfittxuhom fil-madwar.<\/p><p class=\"translation-block\">Ing\u0127aqad mag\u0127na fl-isforz tag\u0127na biex in\u0121edded Lepoglava u \u017cur xi w\u0127ud mill-avvenimenti li se jissodisfaw kull aspirazzjoni ta 'diversi profili ta' vi\u017citaturi. L-avvenimenti kollha huma b\u2019xejn, u nistg\u0127u nirringrazzjaw lill-voluntiera \u0127abrieki li huma fil-qalba tal-festival Jailhouse, l-isponsor ewlieni \u2013 il-belt ta\u2019 Lepoglava, il-ko-organizzatur \u2013 Tourist and Information Centre, u bosta sponsors u donaturi mill-privat. settur. Il-fatt li huwa bba\u017cat fuq il-volontarjat huwa l-og\u0127la valur tal-Jailhouse Festival, jippermetti lill-voluntiera \u017cg\u0127a\u017cag\u0127 parte\u010bipazzjoni proattiva fi bidliet stimulanti u po\u017cittivi fil-komunit\u00e0 lokali.<\/p>\t\t\t\t<\/div>\r\n\t\t\t\t\t\t<\/div>\r\n\t\t\t<\/div>\n\t\t\t\t<\/div>\n\t\t\t\t<div class=\"elementor-element elementor-element-4f0ead8 elementor-widget elementor-widget-tm-ele-text-editor-advanced\" data-id=\"4f0ead8\" data-element_type=\"widget\" data-widget_type=\"tm-ele-text-editor-advanced.default\">\n\t\t\t\t<div class=\"elementor-widget-container\">\n\t\t\t\t\t<div class=\"tm-text-editor-advanced\">\r\n\t\t\t\t\t<div class=\"each-item elementor-repeater-item-11aec28\">\r\n\t\t\t\t<p class=\"translation-block\">Akkreditazzjoni Erasmus fil-qasam ta\u017c-\u017cg\u0127a\u017cag\u0127\n\nPro\u0121ett: 5 ta\u2019 Mejju 2021 \u2013 31 ta\u2019 Di\u010bembru 2027\n\nPro\u0121ett: L-akkreditazzjoni Erasmus hija g\u0127odda g\u0127all-organizzazzjonijiet li jridu jirre\u0121istraw fi skambju u kooperazzjoni bejn il-fruntieri, jinkora\u0121\u0121ixxu l-parte\u010bipazzjoni ta\u017c-\u017cg\u0127a\u017cag\u0127, u jinkora\u0121\u0121ixxu t-tis\u0127i\u0127 tal-kapa\u010bit\u00e0 tan-nies li ja\u0127dmu ma\u017c-\u017cg\u0127a\u017cag\u0127 u organizzazzjonijiet biex ja\u0127dmu ma\u017c-\u017cg\u0127a\u017cag\u0127 billi jkollhom attivitajiet ta\u2019 mobilit\u00e0 li l-g\u0127an tieg\u0127u huwa t-tag\u0127lim. L-akkreditazzjoni ta\u017c-\u017bg\u0127a\u017cag\u0127 ta' Erasmus tag\u0127mel l-attivitajiet ta' mobilit\u00e0 tat-tag\u0127lim fil-qasam ta\u017c-\u017cg\u0127a\u017cag\u0127 aktar fa\u010bli. Jag\u0127ti lill-organizzazzjonijiet akkreditati forom alternattivi simplifikati u flessibbli ta' implimentazzjonijiet ta' attivit\u00e0.\n\nAsso\u010bjazzjoni ta\u017c-\u017bg\u0127a\u017cag\u0127 Indipendenti hija wa\u0127da mis-seba\u2019 organizzazzjonijiet akkreditati li jistg\u0127u japplikaw g\u0127al g\u0127otjiet mhux rimborsabbli g\u0127al attivitajiet ta\u2019 mobilit\u00e0 ta\u017c-\u017cg\u0127a\u017cag\u0127 u mobilit\u00e0 ta\u2019 nies li ja\u0127dmu ma\u017c-\u017cg\u0127a\u017cag\u0127, u l-attivitajiet huma bba\u017cati fuq pjan ta\u2019 akkreditazzjoni approvat qabel. L-akkreditazzjoni Erasmus tippermetti lill-Asso\u010bjazzjoni ta\u017c-\u017bg\u0127a\u017cag\u0127 Indipendenti appro\u010b\u010b simplifikat biex jiffinanzja sorsi mill-Attivit\u00e0 Ewlenija 1 matul il-perjodu s\u0127i\u0127 tal-pro\u0121ett (2021-2027).\n\n\n\nL-g\u0127an ewlieni tal-attivitajiet implimentati u futuri fl-akkreditazzjoni tal-Erasmus huwa l-edukazzjoni ta\u017c-\u017cg\u0127a\u017cag\u0127 u t-tis\u0127i\u0127 tal-kapa\u010bit\u00e0 tan-nies li ja\u0127dmu ma\u017c-\u017cg\u0127a\u017cag\u0127. L-iskop huwa wkoll li tittejjeb il-kwalit\u00e0 tax-xog\u0127ol tal-g\u0127aqdiet ta\u017c-\u017cg\u0127a\u017cag\u0127.<\/p>\t\t\t\t<\/div>\r\n\t\t\t\t\t\t<\/div>\r\n\t\t\t<\/div>\n\t\t\t\t<\/div>\n\t\t\t\t\t<\/div>\n\t\t<\/div>\n\t\t\t\t\t<\/div>\n\t\t<\/section>\n\t\t\t\t<\/div>","protected":false},"excerpt":{"rendered":"<p>PROJECT PARTNER Independent Youth Association Croatia Independent Youth Association (IYA) is a non-governmental non-profit organization founded by the YOUTH, is&#8230;<\/p>","protected":false},"author":1,"featured_media":0,"parent":0,"menu_order":0,"comment_status":"closed","ping_status":"closed","template":"","meta":{"_monsterinsights_skip_tracking":false,"_monsterinsights_sitenote_active":false,"_monsterinsights_sitenote_note":"","_monsterinsights_sitenote_category":0,"footnotes":""},"class_list":["post-51134","page","type-page","status-publish","hentry"],"_links":{"self":[{"href":"https:\/\/educate-green.eu\/mt\/wp-json\/wp\/v2\/pages\/51134","targetHints":{"allow":["GET"]}}],"collection":[{"href":"https:\/\/educate-green.eu\/mt\/wp-json\/wp\/v2\/pages"}],"about":[{"href":"https:\/\/educate-green.eu\/mt\/wp-json\/wp\/v2\/types\/page"}],"author":[{"embeddable":true,"href":"https:\/\/educate-green.eu\/mt\/wp-json\/wp\/v2\/users\/1"}],"replies":[{"embeddable":true,"href":"https:\/\/educate-green.eu\/mt\/wp-json\/wp\/v2\/comments?post=51134"}],"version-history":[{"count":28,"href":"https:\/\/educate-green.eu\/mt\/wp-json\/wp\/v2\/pages\/51134\/revisions"}],"predecessor-version":[{"id":51392,"href":"https:\/\/educate-green.eu\/mt\/wp-json\/wp\/v2\/pages\/51134\/revisions\/51392"}],"wp:attachment":[{"href":"https:\/\/educate-green.eu\/mt\/wp-json\/wp\/v2\/media?parent=51134"}],"curies":[{"name":"wp","href":"https:\/\/api.w.org\/{rel}","templated":true}]}}