{"id":51205,"date":"2024-05-22T19:57:02","date_gmt":"2024-05-22T19:57:02","guid":{"rendered":"https:\/\/educate-green.eu\/?page_id=51205"},"modified":"2024-05-22T20:15:52","modified_gmt":"2024-05-22T20:15:52","slug":"canva-business-model-step-4","status":"publish","type":"page","link":"https:\/\/educate-green.eu\/mt\/canva-business-model-step-4\/","title":{"rendered":"Canva Business Model Step 4"},"content":{"rendered":"<div data-elementor-type=\"wp-page\" data-elementor-id=\"51205\" class=\"elementor elementor-51205\" data-elementor-post-type=\"page\">\n\t\t\t\t\t\t<section class=\"elementor-section elementor-top-section elementor-element elementor-element-cbddb8c elementor-section-stretched elementor-section-boxed elementor-section-height-default elementor-section-height-default tm-col-stretched-none tm-bg-color-over-image\" data-id=\"cbddb8c\" data-element_type=\"section\" data-settings=\"{&quot;background_background&quot;:&quot;classic&quot;,&quot;stretch_section&quot;:&quot;section-stretched&quot;}\">\n\t\t\t\t\t\t\t<div class=\"elementor-background-overlay\"><\/div>\n\t\t\t\t\t\t\t<div class=\"elementor-container elementor-column-gap-extended\">\n\t\t\t\t\t<div class=\"elementor-column elementor-col-100 elementor-top-column elementor-element elementor-element-d3f413f tm-bg-color-over-image\" data-id=\"d3f413f\" data-element_type=\"column\">\n\t\t\t<div class=\"elementor-widget-wrap elementor-element-populated\">\n\t\t\t\t\t\t<section class=\"elementor-section elementor-inner-section elementor-element elementor-element-e66dc3f elementor-section-boxed elementor-section-height-default elementor-section-height-default tm-col-stretched-none tm-bg-color-over-image\" data-id=\"e66dc3f\" data-element_type=\"section\">\n\t\t\t\t\t\t<div class=\"elementor-container elementor-column-gap-extended\">\n\t\t\t\t\t<div class=\"elementor-column elementor-col-50 elementor-inner-column elementor-element elementor-element-c25791e tm-bg-color-over-image\" data-id=\"c25791e\" data-element_type=\"column\">\n\t\t\t<div class=\"elementor-widget-wrap elementor-element-populated\">\n\t\t\t\t\t\t<div class=\"elementor-element elementor-element-d281378 elementor-widget elementor-widget-video\" data-id=\"d281378\" data-element_type=\"widget\" data-settings=\"{&quot;youtube_url&quot;:&quot;https:\\\/\\\/www.youtube.com\\\/watch?v=ukEMyoybuiI&quot;,&quot;yt_privacy&quot;:&quot;yes&quot;,&quot;lazy_load&quot;:&quot;yes&quot;,&quot;video_type&quot;:&quot;youtube&quot;,&quot;controls&quot;:&quot;yes&quot;}\" data-widget_type=\"video.default\">\n\t\t\t\t<div class=\"elementor-widget-container\">\n\t\t\t\t\t<div class=\"elementor-wrapper elementor-open-inline\">\n\t\t\t<div class=\"elementor-video\"><\/div>\t\t<\/div>\n\t\t\t\t<\/div>\n\t\t\t\t<\/div>\n\t\t\t\t\t<\/div>\n\t\t<\/div>\n\t\t\t\t<div class=\"elementor-column elementor-col-50 elementor-inner-column elementor-element elementor-element-a4f1f72 tm-bg-color-over-image\" data-id=\"a4f1f72\" data-element_type=\"column\">\n\t\t\t<div class=\"elementor-widget-wrap elementor-element-populated\">\n\t\t\t\t\t\t<div class=\"elementor-element elementor-element-bdc1dc5 elementor-widget elementor-widget-tm-ele-text-editor-advanced\" data-id=\"bdc1dc5\" data-element_type=\"widget\" data-widget_type=\"tm-ele-text-editor-advanced.default\">\n\t\t\t\t<div class=\"elementor-widget-container\">\n\t\t\t\t\t<div class=\"tm-text-editor-advanced\">\r\n\t\t\t\t\t<div class=\"each-item elementor-repeater-item-11aec28\">\r\n\t\t\t\t<p><span><strong><u>Ir-Raba\u2019 Pass: Proposta ta' Valur:<br \/><br \/><\/u><\/strong><\/span><span>Wie\u0127ed irid i\u017comm f\u2019mo\u0127\u0127u li b\u0127ala intraprenditur m\u2019g\u0127andux g\u0127alfejn jer\u0121a\u2019 jivvinta r-rota. Xi proposti ta' valur jistg\u0127u jkunu innovazzjoni b'offerta \u0121dida jew ta' tfixkil. O\u0127rajn jistg\u0127u jkunu simili g\u0127al prodotti\/servizzi e\u017cistenti i\u017cda b'karatteristi\u010bi u attributi mi\u017cjuda.\u00a0 <br \/><br \/><\/span><span>Xi mistoqsijiet li jistg\u0127u ji\u017cdiedu f'din it-taqsima huma dawn li \u0121ejjin:<br \/><br \/><\/span><\/p><ul><li>Liema xog\u0127ol\/servizz nwasslu lill-klijenti tag\u0127na?<\/li><li>Jekk qed noffru negozju di\u0121\u00e0 e\u017cistenti, kif inkunu differenti?<\/li><\/ul>\t\t\t\t<\/div>\r\n\t\t\t\t\t\t<\/div>\r\n\t\t\t<\/div>\n\t\t\t\t<\/div>\n\t\t\t\t\t<\/div>\n\t\t<\/div>\n\t\t\t\t\t<\/div>\n\t\t<\/section>\n\t\t\t\t<section class=\"elementor-section elementor-inner-section elementor-element elementor-element-da22502 elementor-section-boxed elementor-section-height-default elementor-section-height-default tm-col-stretched-none tm-bg-color-over-image\" data-id=\"da22502\" data-element_type=\"section\">\n\t\t\t\t\t\t<div class=\"elementor-container elementor-column-gap-extended\">\n\t\t\t\t\t<div class=\"elementor-column elementor-col-100 elementor-inner-column elementor-element elementor-element-cd5b5a1 tm-bg-color-over-image\" data-id=\"cd5b5a1\" data-element_type=\"column\">\n\t\t\t<div class=\"elementor-widget-wrap elementor-element-populated\">\n\t\t\t\t\t\t<div class=\"elementor-element elementor-element-11f6fe7 elementor-align-center elementor-widget elementor-widget-button\" data-id=\"11f6fe7\" data-element_type=\"widget\" data-widget_type=\"button.default\">\n\t\t\t\t<div class=\"elementor-widget-container\">\n\t\t\t\t\t<div class=\"elementor-button-wrapper\">\n\t\t\t<a class=\"elementor-button elementor-button-link elementor-size-sm\" href=\"https:\/\/educate-green.eu\/mt\/canva-business-model-step-5\/\">\n\t\t\t\t\t\t<span class=\"elementor-button-content-wrapper\">\n\t\t\t\t\t\t\t\t\t<span class=\"elementor-button-text\">Li jmiss<\/span>\n\t\t\t\t\t<\/span>\n\t\t\t\t\t<\/a>\n\t\t<\/div>\n\t\t\t\t<\/div>\n\t\t\t\t<\/div>\n\t\t\t\t\t<\/div>\n\t\t<\/div>\n\t\t\t\t\t<\/div>\n\t\t<\/section>\n\t\t\t\t\t<\/div>\n\t\t<\/div>\n\t\t\t\t\t<\/div>\n\t\t<\/section>\n\t\t<div class=\"elementor-element elementor-element-8e25026 e-flex e-con-boxed e-con e-parent\" data-id=\"8e25026\" data-element_type=\"container\">\n\t\t\t\t\t<div class=\"e-con-inner\">\n\t\t\t\t<div class=\"elementor-element elementor-element-482b348 elementor-widget elementor-widget-spacer\" data-id=\"482b348\" data-element_type=\"widget\" data-widget_type=\"spacer.default\">\n\t\t\t\t<div class=\"elementor-widget-container\">\n\t\t\t\t\t<div class=\"elementor-spacer\">\n\t\t\t<div class=\"elementor-spacer-inner\"><\/div>\n\t\t<\/div>\n\t\t\t\t<\/div>\n\t\t\t\t<\/div>\n\t\t\t\t\t<\/div>\n\t\t\t\t<\/div>\n\t\t\t\t<\/div>","protected":false},"excerpt":{"rendered":"<p>Step 4: Value Proposition: One has to keep in mind that as entrepreneur one does not need to reinvent the&#8230;<\/p>","protected":false},"author":1,"featured_media":0,"parent":0,"menu_order":0,"comment_status":"closed","ping_status":"closed","template":"","meta":{"_monsterinsights_skip_tracking":false,"_monsterinsights_sitenote_active":false,"_monsterinsights_sitenote_note":"","_monsterinsights_sitenote_category":0,"footnotes":""},"class_list":["post-51205","page","type-page","status-publish","hentry"],"_links":{"self":[{"href":"https:\/\/educate-green.eu\/mt\/wp-json\/wp\/v2\/pages\/51205","targetHints":{"allow":["GET"]}}],"collection":[{"href":"https:\/\/educate-green.eu\/mt\/wp-json\/wp\/v2\/pages"}],"about":[{"href":"https:\/\/educate-green.eu\/mt\/wp-json\/wp\/v2\/types\/page"}],"author":[{"embeddable":true,"href":"https:\/\/educate-green.eu\/mt\/wp-json\/wp\/v2\/users\/1"}],"replies":[{"embeddable":true,"href":"https:\/\/educate-green.eu\/mt\/wp-json\/wp\/v2\/comments?post=51205"}],"version-history":[{"count":7,"href":"https:\/\/educate-green.eu\/mt\/wp-json\/wp\/v2\/pages\/51205\/revisions"}],"predecessor-version":[{"id":51237,"href":"https:\/\/educate-green.eu\/mt\/wp-json\/wp\/v2\/pages\/51205\/revisions\/51237"}],"wp:attachment":[{"href":"https:\/\/educate-green.eu\/mt\/wp-json\/wp\/v2\/media?parent=51205"}],"curies":[{"name":"wp","href":"https:\/\/api.w.org\/{rel}","templated":true}]}}